{"id":15554,"date":"2026-04-16T09:48:31","date_gmt":"2026-04-16T08:48:31","guid":{"rendered":"https:\/\/anodynecare.io\/vanlige-sporsmal\/"},"modified":"2026-04-16T15:55:03","modified_gmt":"2026-04-16T14:55:03","slug":"vanlige-sporsmal","status":"publish","type":"page","link":"https:\/\/anodynecare.io\/no\/vanlige-sporsmal\/","title":{"rendered":"VANLIGE SP\u00d8RSM\u00c5L"},"content":{"rendered":"\t\t<div data-elementor-type=\"wp-page\" data-elementor-id=\"15554\" class=\"elementor elementor-15554 elementor-15517\">\n\t\t\t\t        <section class=\"elementor-section elementor-top-section elementor-element elementor-element-878c0ce elementor-section-stretched animated-fast elementor-section-boxed elementor-section-height-default elementor-section-height-default pxl-row-scroll-none pxl-zoom-point-false pxl-section-overflow-visible elementor-invisible\" data-id=\"878c0ce\" data-element_type=\"section\" data-e-type=\"section\" data-settings=\"{&quot;stretch_section&quot;:&quot;section-stretched&quot;,&quot;background_background&quot;:&quot;classic&quot;,&quot;animation&quot;:&quot;fadeIn&quot;}\">\n\n                \n                <div class=\"elementor-container elementor-column-gap-default \">\n                <div class=\"elementor-column elementor-col-100 elementor-top-column elementor-element elementor-element-46e76b66 pxl-column-none pxl-column-overflow-hidden-no\" data-id=\"46e76b66\" data-element_type=\"column\" data-e-type=\"column\">\r\n        <div class=\"elementor-widget-wrap elementor-element-populated\">\r\n                     \r\n                <section class=\"elementor-section elementor-inner-section elementor-element elementor-element-6d32e58a elementor-section-boxed elementor-section-height-default elementor-section-height-default pxl-row-scroll-none pxl-zoom-point-false pxl-section-overflow-visible\" data-id=\"6d32e58a\" data-element_type=\"section\" data-e-type=\"section\">\n\n                \n                <div class=\"elementor-container elementor-column-gap-extended \">\n                <div class=\"elementor-column elementor-col-100 elementor-inner-column elementor-element elementor-element-39a2774b pxl-column-none pxl-column-overflow-hidden-no\" data-id=\"39a2774b\" data-element_type=\"column\" data-e-type=\"column\">\r\n        <div class=\"elementor-widget-wrap elementor-element-populated\">\r\n                     \r\n        \t\t<div class=\"elementor-element elementor-element-7760e78 ft-gt elementor-widget elementor-widget-pxl_heading\" data-id=\"7760e78\" data-element_type=\"widget\" data-e-type=\"widget\" data-widget_type=\"pxl_heading.default\">\n\t\t\t\t<div class=\"elementor-widget-container\">\n\t\t\t\t\t\n<div id=\"pxl-pxl_heading-7760e78-3947\" class=\"pxl-heading px-sub-title-default-style \">\n\t<div class=\"pxl-heading--inner\">\n\t\t\n\t\t<h3 class=\"pxl-item--title style-default  highlight-default pxl-split-text split-in-fade\" data-wow-delay=\"ms\">\n\t\t\t\t\tOfte stilte sp\u00f8rsm\u00e5l \t\n\t\t\t\n\t\t<\/h3>\n\t\t\n\t<\/div>\n<\/div>\t\t\t\t<\/div>\n\t\t\t\t<\/div>\n\t\t\t\t<div class=\"elementor-element elementor-element-5ba97b elementor-widget elementor-widget-spacer\" data-id=\"5ba97b\" data-element_type=\"widget\" data-e-type=\"widget\" data-widget_type=\"spacer.default\">\n\t\t\t\t\t\t\t<div class=\"elementor-spacer\">\n\t\t\t<div class=\"elementor-spacer-inner\"><\/div>\n\t\t<\/div>\n\t\t\t\t\t\t<\/div>\n\t\t\t\t<div class=\"elementor-element elementor-element-38703e60 elementor-widget__width-auto elementor-widget-tablet__width-inherit elementor-widget elementor-widget-pxl_text_editor\" data-id=\"38703e60\" data-element_type=\"widget\" data-e-type=\"widget\" data-widget_type=\"pxl_text_editor.default\">\n\t\t\t\t<div class=\"elementor-widget-container\">\n\t\t\t\t\t<div class=\"pxl-text-editor default\">\n\t<div class=\"pxl-item--inner  \" data-wow-delay=\"ms\">\n\t\t<p>Du har kanskje sp\u00f8rsm\u00e5l, s\u00e5 vi har samlet de vanligste sp\u00f8rsm\u00e5lene p\u00e5 denne siden for \u00e5 gj\u00f8re det enklere for deg.<\/p>\n\t\t\n\t<\/div>\n<\/div>\t\t\t\t<\/div>\n\t\t\t\t<\/div>\n\t\t\t\t<div class=\"elementor-element elementor-element-2041c1c elementor-widget elementor-widget-pxl_accordion\" data-id=\"2041c1c\" data-element_type=\"widget\" data-e-type=\"widget\" data-widget_type=\"pxl_accordion.default\">\n\t\t\t\t<div class=\"elementor-widget-container\">\n\t\t\t\t\t    <div class=\"pxl-accordion pxl-accordion1 style1 \" data-wow-delay=\"ms\">\r\n                    <div class=\"pxl--item   \">\r\n                                \r\n                <p class=\"pxl-accordion--title\" data-target=\"#pxl_accordion-2041c1c-5049-98960d6\">\r\n                                <span class=\"pxl-title--text pxl-pr-20\">Hvordan vet jeg om Anodyne Care tilbyr noe som vil fungere for meg?<\/span>\r\n\r\n                <i class=\"pxl-icon--plus pxl-r-9\"><\/i> \r\n\r\n                \r\n                <\/p>\r\n                <div id=\"pxl_accordion-2041c1c-5049-98960d6\" class=\"pxl-accordion--content\" >\r\n                    Hvis du opplever vedvarende smerte som p\u00e5virker ditt daglige liv, kan teamet v\u00e5rt st\u00f8tte deg. Fyll ut v\u00e5r screening slik at vi kan forst\u00e5 behovene dine.                 <\/div>\r\n                                            <\/div>\r\n                    <div class=\"pxl--item   \">\r\n                                \r\n                <p class=\"pxl-accordion--title\" data-target=\"#pxl_accordion-2041c1c-5049-3f192d4\">\r\n                                <span class=\"pxl-title--text pxl-pr-20\">Trenger jeg en henvisning?<\/span>\r\n\r\n                <i class=\"pxl-icon--plus pxl-r-9\"><\/i> \r\n\r\n                \r\n                <\/p>\r\n                <div id=\"pxl_accordion-2041c1c-5049-3f192d4\" class=\"pxl-accordion--content\" >\r\n                    Nei. Du kan bestille en konsultasjon direkte. Hvis du allerede har et omsorgsteam, kan legene v\u00e5re st\u00f8tte din n\u00e5v\u00e6rende behandlingsplan.                  <\/div>\r\n                                            <\/div>\r\n                    <div class=\"pxl--item   \">\r\n                                \r\n                <p class=\"pxl-accordion--title\" data-target=\"#pxl_accordion-2041c1c-5049-252a084\">\r\n                                <span class=\"pxl-title--text pxl-pr-20\">Kan konsultasjonen v\u00e6re nettbasert?<\/span>\r\n\r\n                <i class=\"pxl-icon--plus pxl-r-9\"><\/i> \r\n\r\n                \r\n                <\/p>\r\n                <div id=\"pxl_accordion-2041c1c-5049-252a084\" class=\"pxl-accordion--content\" >\r\n                    Ja. Du kan velge \u00e5 m\u00f8te legen din online eller personlig, avhengig av hva som fungerer best for deg.                 <\/div>\r\n                                            <\/div>\r\n                    <div class=\"pxl--item   \">\r\n                                \r\n                <p class=\"pxl-accordion--title\" data-target=\"#pxl_accordion-2041c1c-5049-b8144ba\">\r\n                                <span class=\"pxl-title--text pxl-pr-20\">Hva skjer under min f\u00f8rste avtale?<\/span>\r\n\r\n                <i class=\"pxl-icon--plus pxl-r-9\"><\/i> \r\n\r\n                \r\n                <\/p>\r\n                <div id=\"pxl_accordion-2041c1c-5049-b8144ba\" class=\"pxl-accordion--content\" >\r\n                    Du vil m\u00f8te en lege som tar seg tid til \u00e5 forst\u00e5 symptomene dine, medisinsk historie og m\u00e5l. Sammen vil dere diskutere mulige strategier og vurdere hvilken type plan som passer deg best.                 <\/div>\r\n                                            <\/div>\r\n                    <div class=\"pxl--item   \">\r\n                                \r\n                <p class=\"pxl-accordion--title\" data-target=\"#pxl_accordion-2041c1c-5049-f3b13b3\">\r\n                                <span class=\"pxl-title--text pxl-pr-20\">Hva skjer etter at jeg har bestilt?<\/span>\r\n\r\n                <i class=\"pxl-icon--plus pxl-r-9\"><\/i> \r\n\r\n                \r\n                <\/p>\r\n                <div id=\"pxl_accordion-2041c1c-5049-f3b13b3\" class=\"pxl-accordion--content\" >\r\n                    Etter bestilling vil du motta tilgang til en sikker portal hvor du kan laste opp relevant medisinsk informasjon. Dette hjelper legen din med \u00e5 forberede seg og sikrer at konsultasjonen er fokusert p\u00e5 dine behov.                 <\/div>\r\n                                            <\/div>\r\n                    <div class=\"pxl--item   \">\r\n                                \r\n                <p class=\"pxl-accordion--title\" data-target=\"#pxl_accordion-2041c1c-5049-4a226d1\">\r\n                                <span class=\"pxl-title--text pxl-pr-20\">Hvem betaler for tjenestene til Anodyne Care?<\/span>\r\n\r\n                <i class=\"pxl-icon--plus pxl-r-9\"><\/i> \r\n\r\n                \r\n                <\/p>\r\n                <div id=\"pxl_accordion-2041c1c-5049-4a226d1\" class=\"pxl-accordion--content\" >\r\n                    Mange har en privat helseforsikring, og du b\u00f8r absolutt sjekke med dem. I noen tilfeller kan du ogs\u00e5 f\u00e5 delvis refusjon gjennom det offentlige helsevesenet. Men vanligvis m\u00e5 du betale v\u00e5re avgifter. Vi jobber for \u00e5 kunne tilby betalingsplaner og m\u00e5nedlige abonnementer for \u00e5 hjelpe deg med \u00e5 fordele kostnadene over tid.                   <\/div>\r\n                                            <\/div>\r\n                    <div class=\"pxl--item   \">\r\n                                \r\n                <p class=\"pxl-accordion--title\" data-target=\"#pxl_accordion-2041c1c-5049-270b63f\">\r\n                                <span class=\"pxl-title--text pxl-pr-20\">Hva er forskjellen mellom Anodyne Care og andre smerteklinikker?<\/span>\r\n\r\n                <i class=\"pxl-icon--plus pxl-r-9\"><\/i> \r\n\r\n                \r\n                <\/p>\r\n                <div id=\"pxl_accordion-2041c1c-5049-270b63f\" class=\"pxl-accordion--content\" >\r\n                    H\u00f8y tilgjengelighet for pasienter og en sv\u00e6rt h\u00f8y grad av medisinsk kvalitet er kjernen i v\u00e5rt oppdrag. Vi tilbyr en h\u00f8y grad av nett-konsultasjoner, ettersom vi vet at dette ogs\u00e5 tilfredsstiller behovene til mange pasienter. Vi tilbyr imidlertid ogs\u00e5 fysiske konsultasjoner etter behov.                  <\/div>\r\n                                            <\/div>\r\n                    <div class=\"pxl--item   \">\r\n                                \r\n                <p class=\"pxl-accordion--title\" data-target=\"#pxl_accordion-2041c1c-5049-e21f6c2\">\r\n                                <span class=\"pxl-title--text pxl-pr-20\">Hva slags selskap er Anodyne Care?<\/span>\r\n\r\n                <i class=\"pxl-icon--plus pxl-r-9\"><\/i> \r\n\r\n                \r\n                <\/p>\r\n                <div id=\"pxl_accordion-2041c1c-5049-e21f6c2\" class=\"pxl-accordion--content\" >\r\n                    Anodyne Care er en privat helseleverand\u00f8r, grunnlagt av leger og drevet av leger og andre fagfolk med mange \u00e5rs erfaring i helsesektoren. Vi er et skandinavisk selskap med ambisjonen om \u00e5 tilby Anodyne Care-tjenester transnasjonalt i Europa. For tiden engasjerer vi oss i markedene i Norge, Sverige og Danmark.                  <\/div>\r\n                                            <\/div>\r\n                    <div class=\"pxl--item   \">\r\n                                \r\n                <p class=\"pxl-accordion--title\" data-target=\"#pxl_accordion-2041c1c-5049-2d2e324\">\r\n                                <span class=\"pxl-title--text pxl-pr-20\">B\u00f8r jeg fortelle min fastlege eller sykehusavdeling om Anodyne Care?<\/span>\r\n\r\n                <i class=\"pxl-icon--plus pxl-r-9\"><\/i> \r\n\r\n                \r\n                <\/p>\r\n                <div id=\"pxl_accordion-2041c1c-5049-2d2e324\" class=\"pxl-accordion--content\" >\r\n                    N\u00e5r du blir pasient hos Anodyne Care, oppfordrer vi deg \u2013 og etter din aksept ogs\u00e5 vi \u2013 til \u00e5 kommunisere med fastlegen din eller sykehusspesialisten for \u00e5 koordinere innsatsen rundt deg med det felles m\u00e5let om \u00e5 forbedre livskvaliteten din. Dette vil v\u00e6re en del av samtalen v\u00e5r med deg under konsultasjoner.                 <\/div>\r\n                                            <\/div>\r\n            <\/div>\r\n    \t\t\t\t<\/div>\n\t\t\t\t<\/div>\n\t\t\t\t<div class=\"elementor-element elementor-element-1a19d615 elementor-widget elementor-widget-spacer\" data-id=\"1a19d615\" data-element_type=\"widget\" data-e-type=\"widget\" data-widget_type=\"spacer.default\">\n\t\t\t\t\t\t\t<div class=\"elementor-spacer\">\n\t\t\t<div class=\"elementor-spacer-inner\"><\/div>\n\t\t<\/div>\n\t\t\t\t\t\t<\/div>\n\t\t            <\/div>\r\n        <\/div>\r\n        \t\t\t<\/div>\n\t\t<\/section>\n\t\t            <\/div>\r\n        <\/div>\r\n        \t\t\t<\/div>\n\t\t<\/section>\n\t\t\t\t<\/div>\n\t\t","protected":false},"excerpt":{"rendered":"<p>Ofte stilte sp\u00f8rsm\u00e5l Du har kanskje sp\u00f8rsm\u00e5l, s\u00e5 vi har samlet de vanligste sp\u00f8rsm\u00e5lene p\u00e5 denne siden for \u00e5 gj\u00f8re det enklere for deg. Hvordan vet jeg om Anodyne Care tilbyr noe som vil fungere for meg? Hvis du opplever vedvarende smerte som p\u00e5virker ditt daglige liv, kan teamet v\u00e5rt st\u00f8tte deg. Fyll ut v\u00e5r [&hellip;]<\/p>\n","protected":false},"author":1,"featured_media":0,"parent":0,"menu_order":0,"comment_status":"closed","ping_status":"closed","template":"","meta":{"footnotes":""},"class_list":["post-15554","page","type-page","status-publish","hentry"],"yoast_head":"<!-- This site is optimized with the Yoast SEO plugin v27.4 - https:\/\/yoast.com\/product\/yoast-seo-wordpress\/ -->\n<title>Ofte stilte sp\u00f8rsm\u00e5l - Anodyne Care<\/title>\n<meta name=\"robots\" content=\"noindex, follow, max-snippet:-1, max-image-preview:large, max-video-preview:-1\" \/>\n<meta property=\"og:locale\" content=\"nb_NO\" \/>\n<meta property=\"og:type\" content=\"article\" \/>\n<meta property=\"og:title\" content=\"Ofte stilte sp\u00f8rsm\u00e5l - Anodyne Care\" \/>\n<meta property=\"og:description\" content=\"Ofte stilte sp\u00f8rsm\u00e5l Du har kanskje sp\u00f8rsm\u00e5l, s\u00e5 vi har samlet de vanligste sp\u00f8rsm\u00e5lene p\u00e5 denne siden for \u00e5 gj\u00f8re det enklere for deg. Hvordan vet jeg om Anodyne Care tilbyr noe som vil fungere for meg? Hvis du opplever vedvarende smerte som p\u00e5virker ditt daglige liv, kan teamet v\u00e5rt st\u00f8tte deg. Fyll ut v\u00e5r [&hellip;]\" \/>\n<meta property=\"og:url\" content=\"https:\/\/anodynecare.io\/no\/vanlige-sporsmal\/\" \/>\n<meta property=\"og:site_name\" content=\"Anodyne Care IO\" \/>\n<meta property=\"article:modified_time\" content=\"2026-04-16T14:55:03+00:00\" \/>\n<meta name=\"twitter:card\" content=\"summary_large_image\" \/>\n<script type=\"application\/ld+json\" class=\"yoast-schema-graph\">{\"@context\":\"https:\\\/\\\/schema.org\",\"@graph\":[{\"@type\":\"WebPage\",\"@id\":\"https:\\\/\\\/anodynecare.io\\\/no\\\/vanlige-sporsmal\\\/\",\"url\":\"https:\\\/\\\/anodynecare.io\\\/no\\\/vanlige-sporsmal\\\/\",\"name\":\"Ofte stilte sp\u00f8rsm\u00e5l - Anodyne Care\",\"isPartOf\":{\"@id\":\"https:\\\/\\\/anodynecare.io\\\/no\\\/#website\"},\"datePublished\":\"2026-04-16T08:48:31+00:00\",\"dateModified\":\"2026-04-16T14:55:03+00:00\",\"breadcrumb\":{\"@id\":\"https:\\\/\\\/anodynecare.io\\\/no\\\/vanlige-sporsmal\\\/#breadcrumb\"},\"inLanguage\":\"nb-NO\",\"potentialAction\":[{\"@type\":\"ReadAction\",\"target\":[\"https:\\\/\\\/anodynecare.io\\\/no\\\/vanlige-sporsmal\\\/\"]}]},{\"@type\":\"BreadcrumbList\",\"@id\":\"https:\\\/\\\/anodynecare.io\\\/no\\\/vanlige-sporsmal\\\/#breadcrumb\",\"itemListElement\":[{\"@type\":\"ListItem\",\"position\":1,\"name\":\"Hjem\",\"item\":\"https:\\\/\\\/anodynecare.io\\\/no\\\/\"},{\"@type\":\"ListItem\",\"position\":2,\"name\":\"VANLIGE SP\u00d8RSM\u00c5L\"}]},{\"@type\":\"WebSite\",\"@id\":\"https:\\\/\\\/anodynecare.io\\\/no\\\/#website\",\"url\":\"https:\\\/\\\/anodynecare.io\\\/no\\\/\",\"name\":\"Anodyne Care IO\",\"description\":\"\",\"publisher\":{\"@id\":\"https:\\\/\\\/anodynecare.io\\\/no\\\/#organization\"},\"potentialAction\":[{\"@type\":\"SearchAction\",\"target\":{\"@type\":\"EntryPoint\",\"urlTemplate\":\"https:\\\/\\\/anodynecare.io\\\/no\\\/?s={search_term_string}\"},\"query-input\":{\"@type\":\"PropertyValueSpecification\",\"valueRequired\":true,\"valueName\":\"search_term_string\"}}],\"inLanguage\":\"nb-NO\"},{\"@type\":\"Organization\",\"@id\":\"https:\\\/\\\/anodynecare.io\\\/no\\\/#organization\",\"name\":\"Anodyne Care\",\"url\":\"https:\\\/\\\/anodynecare.io\\\/no\\\/\",\"logo\":{\"@type\":\"ImageObject\",\"inLanguage\":\"nb-NO\",\"@id\":\"https:\\\/\\\/anodynecare.io\\\/no\\\/#\\\/schema\\\/logo\\\/image\\\/\",\"url\":\"https:\\\/\\\/anodynecare.io\\\/wp-content\\\/uploads\\\/2026\\\/03\\\/AnodyneCare_logo.svg\",\"contentUrl\":\"https:\\\/\\\/anodynecare.io\\\/wp-content\\\/uploads\\\/2026\\\/03\\\/AnodyneCare_logo.svg\",\"width\":1,\"height\":1,\"caption\":\"Anodyne Care\"},\"image\":{\"@id\":\"https:\\\/\\\/anodynecare.io\\\/no\\\/#\\\/schema\\\/logo\\\/image\\\/\"}}]}<\/script>\n<!-- \/ Yoast SEO plugin. -->","yoast_head_json":{"title":"Ofte stilte sp\u00f8rsm\u00e5l - Anodyne Care","robots":{"index":"noindex","follow":"follow","max-snippet":"max-snippet:-1","max-image-preview":"max-image-preview:large","max-video-preview":"max-video-preview:-1"},"og_locale":"nb_NO","og_type":"article","og_title":"Ofte stilte sp\u00f8rsm\u00e5l - Anodyne Care","og_description":"Ofte stilte sp\u00f8rsm\u00e5l Du har kanskje sp\u00f8rsm\u00e5l, s\u00e5 vi har samlet de vanligste sp\u00f8rsm\u00e5lene p\u00e5 denne siden for \u00e5 gj\u00f8re det enklere for deg. Hvordan vet jeg om Anodyne Care tilbyr noe som vil fungere for meg? Hvis du opplever vedvarende smerte som p\u00e5virker ditt daglige liv, kan teamet v\u00e5rt st\u00f8tte deg. Fyll ut v\u00e5r [&hellip;]","og_url":"https:\/\/anodynecare.io\/no\/vanlige-sporsmal\/","og_site_name":"Anodyne Care IO","article_modified_time":"2026-04-16T14:55:03+00:00","twitter_card":"summary_large_image","schema":{"@context":"https:\/\/schema.org","@graph":[{"@type":"WebPage","@id":"https:\/\/anodynecare.io\/no\/vanlige-sporsmal\/","url":"https:\/\/anodynecare.io\/no\/vanlige-sporsmal\/","name":"Ofte stilte sp\u00f8rsm\u00e5l - Anodyne Care","isPartOf":{"@id":"https:\/\/anodynecare.io\/no\/#website"},"datePublished":"2026-04-16T08:48:31+00:00","dateModified":"2026-04-16T14:55:03+00:00","breadcrumb":{"@id":"https:\/\/anodynecare.io\/no\/vanlige-sporsmal\/#breadcrumb"},"inLanguage":"nb-NO","potentialAction":[{"@type":"ReadAction","target":["https:\/\/anodynecare.io\/no\/vanlige-sporsmal\/"]}]},{"@type":"BreadcrumbList","@id":"https:\/\/anodynecare.io\/no\/vanlige-sporsmal\/#breadcrumb","itemListElement":[{"@type":"ListItem","position":1,"name":"Hjem","item":"https:\/\/anodynecare.io\/no\/"},{"@type":"ListItem","position":2,"name":"VANLIGE SP\u00d8RSM\u00c5L"}]},{"@type":"WebSite","@id":"https:\/\/anodynecare.io\/no\/#website","url":"https:\/\/anodynecare.io\/no\/","name":"Anodyne Care IO","description":"","publisher":{"@id":"https:\/\/anodynecare.io\/no\/#organization"},"potentialAction":[{"@type":"SearchAction","target":{"@type":"EntryPoint","urlTemplate":"https:\/\/anodynecare.io\/no\/?s={search_term_string}"},"query-input":{"@type":"PropertyValueSpecification","valueRequired":true,"valueName":"search_term_string"}}],"inLanguage":"nb-NO"},{"@type":"Organization","@id":"https:\/\/anodynecare.io\/no\/#organization","name":"Anodyne Care","url":"https:\/\/anodynecare.io\/no\/","logo":{"@type":"ImageObject","inLanguage":"nb-NO","@id":"https:\/\/anodynecare.io\/no\/#\/schema\/logo\/image\/","url":"https:\/\/anodynecare.io\/wp-content\/uploads\/2026\/03\/AnodyneCare_logo.svg","contentUrl":"https:\/\/anodynecare.io\/wp-content\/uploads\/2026\/03\/AnodyneCare_logo.svg","width":1,"height":1,"caption":"Anodyne Care"},"image":{"@id":"https:\/\/anodynecare.io\/no\/#\/schema\/logo\/image\/"}}]}},"_links":{"self":[{"href":"https:\/\/anodynecare.io\/no\/wp-json\/wp\/v2\/pages\/15554","targetHints":{"allow":["GET"]}}],"collection":[{"href":"https:\/\/anodynecare.io\/no\/wp-json\/wp\/v2\/pages"}],"about":[{"href":"https:\/\/anodynecare.io\/no\/wp-json\/wp\/v2\/types\/page"}],"author":[{"embeddable":true,"href":"https:\/\/anodynecare.io\/no\/wp-json\/wp\/v2\/users\/1"}],"replies":[{"embeddable":true,"href":"https:\/\/anodynecare.io\/no\/wp-json\/wp\/v2\/comments?post=15554"}],"version-history":[{"count":3,"href":"https:\/\/anodynecare.io\/no\/wp-json\/wp\/v2\/pages\/15554\/revisions"}],"predecessor-version":[{"id":15748,"href":"https:\/\/anodynecare.io\/no\/wp-json\/wp\/v2\/pages\/15554\/revisions\/15748"}],"wp:attachment":[{"href":"https:\/\/anodynecare.io\/no\/wp-json\/wp\/v2\/media?parent=15554"}],"curies":[{"name":"wp","href":"https:\/\/api.w.org\/{rel}","templated":true}]}}