{"id":15543,"date":"2026-04-16T09:40:28","date_gmt":"2026-04-16T08:40:28","guid":{"rendered":"https:\/\/anodynecare.io\/pris\/"},"modified":"2026-04-17T12:14:46","modified_gmt":"2026-04-17T11:14:46","slug":"pris","status":"publish","type":"page","link":"https:\/\/anodynecare.io\/no\/pris\/","title":{"rendered":"Pris"},"content":{"rendered":"\t\t<div data-elementor-type=\"wp-page\" data-elementor-id=\"15543\" class=\"elementor elementor-15543 elementor-15488\">\n\t\t\t\t        <section class=\"elementor-section elementor-top-section elementor-element elementor-element-29159a52 elementor-section-stretched animated-fast elementor-section-boxed elementor-section-height-default elementor-section-height-default pxl-row-scroll-none pxl-zoom-point-false pxl-section-overflow-visible elementor-invisible\" data-id=\"29159a52\" data-element_type=\"section\" data-e-type=\"section\" data-settings=\"{&quot;stretch_section&quot;:&quot;section-stretched&quot;,&quot;background_background&quot;:&quot;classic&quot;,&quot;animation&quot;:&quot;fadeIn&quot;}\">\n\n                \n                <div class=\"elementor-container elementor-column-gap-default \">\n                <div class=\"elementor-column elementor-col-100 elementor-top-column elementor-element elementor-element-1ed31a1e pxl-column-none pxl-column-overflow-hidden-no\" data-id=\"1ed31a1e\" data-element_type=\"column\" data-e-type=\"column\">\r\n        <div class=\"elementor-widget-wrap\">\r\n                     \r\n                    <\/div>\r\n        <\/div>\r\n        \t\t\t<\/div>\n\t\t<\/section>\n\t\t        <section class=\"elementor-section elementor-top-section elementor-element elementor-element-29937c6 elementor-section-stretched elementor-section-boxed elementor-section-height-default elementor-section-height-default pxl-row-scroll-none pxl-zoom-point-false pxl-section-overflow-visible\" data-id=\"29937c6\" data-element_type=\"section\" data-e-type=\"section\" data-settings=\"{&quot;stretch_section&quot;:&quot;section-stretched&quot;}\">\n\n                \n                <div class=\"elementor-container elementor-column-gap-extended \">\n                <div class=\"elementor-column elementor-col-50 elementor-top-column elementor-element elementor-element-c066190 pxl-column-none pxl-column-overflow-hidden-no\" data-id=\"c066190\" data-element_type=\"column\" data-e-type=\"column\">\r\n        <div class=\"elementor-widget-wrap elementor-element-populated\">\r\n                     \r\n        \t\t<div class=\"elementor-element elementor-element-bf52378 elementor-widget elementor-widget-pxl_heading\" data-id=\"bf52378\" data-element_type=\"widget\" data-e-type=\"widget\" data-widget_type=\"pxl_heading.default\">\n\t\t\t\t<div class=\"elementor-widget-container\">\n\t\t\t\t\t\n<div id=\"pxl-pxl_heading-bf52378-7807\" class=\"pxl-heading px-sub-title-default-style \">\n\t<div class=\"pxl-heading--inner\">\n\t\t\n\t\t<h1 class=\"pxl-item--title style-default  highlight-default \" data-wow-delay=\"ms\">\n\t\t\t\t\tHva det koster\t\n\t\t\t\n\t\t<\/h1>\n\t\t\n\t<\/div>\n<\/div>\t\t\t\t<\/div>\n\t\t\t\t<\/div>\n\t\t\t\t<div class=\"elementor-element elementor-element-bec53d8 elementor-widget elementor-widget-spacer\" data-id=\"bec53d8\" data-element_type=\"widget\" data-e-type=\"widget\" data-widget_type=\"spacer.default\">\n\t\t\t\t\t\t\t<div class=\"elementor-spacer\">\n\t\t\t<div class=\"elementor-spacer-inner\"><\/div>\n\t\t<\/div>\n\t\t\t\t\t\t<\/div>\n\t\t\t\t<div class=\"elementor-element elementor-element-8608f8f elementor-widget elementor-widget-pxl_text_editor\" data-id=\"8608f8f\" data-element_type=\"widget\" data-e-type=\"widget\" data-widget_type=\"pxl_text_editor.default\">\n\t\t\t\t<div class=\"elementor-widget-container\">\n\t\t\t\t\t<div class=\"pxl-text-editor default\">\n\t<div class=\"pxl-item--inner  \" data-wow-delay=\"ms\">\n\t\t<p>Vedvarende smerter trenger ikke en engangsbehandling \u2013 de krever kontinuerlig oppmerksomhet, l\u00f8pende justeringer og en lege som virkelig kjenner deg. Derfor tilbyr vi ett enkelt medlemskap som gir deg direkte tilgang til medisinsk behandling og langsiktig st\u00f8tte, hvert steg p\u00e5 veien. <\/p>\n\t\t\n\t<\/div>\n<\/div>\t\t\t\t<\/div>\n\t\t\t\t<\/div>\n\t\t\t\t<div class=\"elementor-element elementor-element-0eac455 elementor-widget elementor-widget-pxl_text_editor\" data-id=\"0eac455\" data-element_type=\"widget\" data-e-type=\"widget\" data-widget_type=\"pxl_text_editor.default\">\n\t\t\t\t<div class=\"elementor-widget-container\">\n\t\t\t\t\t<div class=\"pxl-text-editor default\">\n\t<div class=\"pxl-item--inner  \" data-wow-delay=\"ms\">\n\t\t<p>999kr \/ m\u00e5ned<\/p>\n\t\t\n\t<\/div>\n<\/div>\t\t\t\t<\/div>\n\t\t\t\t<\/div>\n\t\t\t\t<div class=\"elementor-element elementor-element-0e952ae elementor-widget elementor-widget-pxl_text_editor\" data-id=\"0e952ae\" data-element_type=\"widget\" data-e-type=\"widget\" data-widget_type=\"pxl_text_editor.default\">\n\t\t\t\t<div class=\"elementor-widget-container\">\n\t\t\t\t\t<div class=\"pxl-text-editor default\">\n\t<div class=\"pxl-item--inner  \" data-wow-delay=\"ms\">\n\t\t<p>Medlemskapet ditt er ikke et sett med forh\u00e5ndsbetalte behandlinger. Det er et p\u00e5g\u00e5ende forhold til et dedikert behandlingsteam som f\u00f8lger deg tett og tilpasser behandlingen din etter hvert som behovene dine endrer seg. <\/p>\n\t\t\n\t<\/div>\n<\/div>\t\t\t\t<\/div>\n\t\t\t\t<\/div>\n\t\t\t\t<div class=\"elementor-element elementor-element-966ee90 elementor-icon-list--layout-traditional elementor-list-item-link-full_width elementor-widget elementor-widget-icon-list\" data-id=\"966ee90\" data-element_type=\"widget\" data-e-type=\"widget\" data-widget_type=\"icon-list.default\">\n\t\t\t\t\t\t\t<ul class=\"elementor-icon-list-items\">\n\t\t\t\t\t\t\t<li class=\"elementor-icon-list-item\">\n\t\t\t\t\t\t\t\t\t\t\t<span class=\"elementor-icon-list-icon\">\n\t\t\t\t\t\t\t<i aria-hidden=\"true\" class=\"fas fa-check-circle\"><\/i>\t\t\t\t\t\t<\/span>\n\t\t\t\t\t\t\t\t\t\t<span class=\"elementor-icon-list-text\">Din egen dedikerte smertespesialist<\/span>\n\t\t\t\t\t\t\t\t\t<\/li>\n\t\t\t\t\t\t\t\t<li class=\"elementor-icon-list-item\">\n\t\t\t\t\t\t\t\t\t\t\t<span class=\"elementor-icon-list-icon\">\n\t\t\t\t\t\t\t<i aria-hidden=\"true\" class=\"fas fa-check-circle\"><\/i>\t\t\t\t\t\t<\/span>\n\t\t\t\t\t\t\t\t\t\t<span class=\"elementor-icon-list-text\">P\u00e5g\u00e5ende digitale legekonsultasjoner<\/span>\n\t\t\t\t\t\t\t\t\t<\/li>\n\t\t\t\t\t\t\t\t<li class=\"elementor-icon-list-item\">\n\t\t\t\t\t\t\t\t\t\t\t<span class=\"elementor-icon-list-icon\">\n\t\t\t\t\t\t\t<i aria-hidden=\"true\" class=\"fas fa-check-circle\"><\/i>\t\t\t\t\t\t<\/span>\n\t\t\t\t\t\t\t\t\t\t<span class=\"elementor-icon-list-text\">Kontinuerlige justeringer av behandlingen<\/span>\n\t\t\t\t\t\t\t\t\t<\/li>\n\t\t\t\t\t\t\t\t<li class=\"elementor-icon-list-item\">\n\t\t\t\t\t\t\t\t\t\t\t<span class=\"elementor-icon-list-icon\">\n\t\t\t\t\t\t\t<i aria-hidden=\"true\" class=\"fas fa-check-circle\"><\/i>\t\t\t\t\t\t<\/span>\n\t\t\t\t\t\t\t\t\t\t<span class=\"elementor-icon-list-text\">Tett oppf\u00f8lging og koordinering p\u00e5 tvers av spesialister<\/span>\n\t\t\t\t\t\t\t\t\t<\/li>\n\t\t\t\t\t\t\t\t<li class=\"elementor-icon-list-item\">\n\t\t\t\t\t\t\t\t\t\t\t<span class=\"elementor-icon-list-icon\">\n\t\t\t\t\t\t\t<i aria-hidden=\"true\" class=\"fas fa-check-circle\"><\/i>\t\t\t\t\t\t<\/span>\n\t\t\t\t\t\t\t\t\t\t<span class=\"elementor-icon-list-text\">Helseverkt\u00f8y og dagbok for \u00e5 loggf\u00f8re symptomer, s\u00f8vn og daglig funksjon (kommer snart)<\/span>\n\t\t\t\t\t\t\t\t\t<\/li>\n\t\t\t\t\t\t<\/ul>\n\t\t\t\t\t\t<\/div>\n\t\t\t\t<div class=\"elementor-element elementor-element-3422cb5 elementor-align-center ft-gt-walsheim elementor-widget__width-auto elementor-widget elementor-widget-pxl_button\" data-id=\"3422cb5\" data-element_type=\"widget\" data-e-type=\"widget\" data-widget_type=\"pxl_button.default\">\n\t\t\t\t<div class=\"elementor-widget-container\">\n\t\t\t\t\t<div id=\"pxl-pxl_button-3422cb5-4452\" class=\"pxl-button pxl-atc-link \" data-wow-delay=\"ms\">\r\n    <a href=\"https:\/\/anodynecare.io\/no\/vanlige-sporsmal\/\" class=\"btn  btn-glossy btn-default  bg-default inline pxl-icon--right\" data-wow-delay=\"ms\" data-target=\".pxl-page-popup-template-0\">\r\n                    <i aria-hidden=\"true\" class=\"flaticon flaticon-next\"><\/i>                        <span class=\"pxl--btn-text\" data-text=\"Har du sp\u00f8rsm\u00e5l?\">\r\n                        Har du sp\u00f8rsm\u00e5l?        <\/span>\r\n    <\/a>\r\n<\/div>\t\t\t\t<\/div>\n\t\t\t\t<\/div>\n\t\t            <\/div>\r\n        <\/div>\r\n                <div class=\"elementor-column elementor-col-50 elementor-top-column elementor-element elementor-element-7c2bdd5 pxl-column-none pxl-column-overflow-hidden-no\" data-id=\"7c2bdd5\" data-element_type=\"column\" data-e-type=\"column\">\r\n        <div class=\"elementor-widget-wrap elementor-element-populated\">\r\n                     \r\n        \t\t<div class=\"elementor-element elementor-element-bf36553 elementor-widget elementor-widget-pxl_image\" data-id=\"bf36553\" data-element_type=\"widget\" data-e-type=\"widget\" data-widget_type=\"pxl_image.default\">\n\t\t\t\t<div class=\"elementor-widget-container\">\n\t\t\t\t\t<div id=\"pxl_image-bf36553-6763\" class=\"pxl-image-single  pxl-disable-parallax-sm pxl-hide-sr-lg  \" data-wow-delay=\"ms\"  >\r\n    <div class=\"pxl-item--inner\" data-wow-delay=\"120ms\">\r\n        \r\n                    <div class=\"pxl-item--image \" data-parallax-value=\"\">\r\n                                <img fetchpriority=\"high\" decoding=\"async\" width=\"576\" height=\"700\" src=\"https:\/\/anodynecare.io\/wp-content\/uploads\/2026\/03\/2150061930-1.jpg\" class=\"no-lazyload attachment-full\" alt=\"\" \/>                            <\/div>\r\n                \r\n    <\/div>\r\n<\/div>\t\t\t\t<\/div>\n\t\t\t\t<\/div>\n\t\t            <\/div>\r\n        <\/div>\r\n        \t\t\t<\/div>\n\t\t<\/section>\n\t\t\t\t<\/div>\n\t\t","protected":false},"excerpt":{"rendered":"<p>Hva det koster Vedvarende smerter trenger ikke en engangsbehandling \u2013 de krever kontinuerlig oppmerksomhet, l\u00f8pende justeringer og en lege som virkelig kjenner deg. Derfor tilbyr vi ett enkelt medlemskap som gir deg direkte tilgang til medisinsk behandling og langsiktig st\u00f8tte, hvert steg p\u00e5 veien. 999kr \/ m\u00e5ned Medlemskapet ditt er ikke et sett med forh\u00e5ndsbetalte [&hellip;]<\/p>\n","protected":false},"author":1,"featured_media":0,"parent":0,"menu_order":0,"comment_status":"closed","ping_status":"closed","template":"","meta":{"footnotes":""},"class_list":["post-15543","page","type-page","status-publish","hentry"],"yoast_head":"<!-- This site is optimized with the Yoast SEO plugin v27.4 - https:\/\/yoast.com\/product\/yoast-seo-wordpress\/ -->\n<title>Hva det koster - Anodyne Care<\/title>\n<meta name=\"robots\" content=\"noindex, follow, max-snippet:-1, max-image-preview:large, max-video-preview:-1\" \/>\n<meta property=\"og:locale\" content=\"nb_NO\" \/>\n<meta property=\"og:type\" content=\"article\" \/>\n<meta property=\"og:title\" content=\"Hva det koster - Anodyne Care\" \/>\n<meta property=\"og:description\" content=\"Hva det koster Vedvarende smerter trenger ikke en engangsbehandling \u2013 de krever kontinuerlig oppmerksomhet, l\u00f8pende justeringer og en lege som virkelig kjenner deg. Derfor tilbyr vi ett enkelt medlemskap som gir deg direkte tilgang til medisinsk behandling og langsiktig st\u00f8tte, hvert steg p\u00e5 veien. 999kr \/ m\u00e5ned Medlemskapet ditt er ikke et sett med forh\u00e5ndsbetalte [&hellip;]\" \/>\n<meta property=\"og:url\" content=\"https:\/\/anodynecare.io\/no\/pris\/\" \/>\n<meta property=\"og:site_name\" content=\"Anodyne Care IO\" \/>\n<meta property=\"article:modified_time\" content=\"2026-04-17T11:14:46+00:00\" \/>\n<meta property=\"og:image\" content=\"https:\/\/anodynecare.io\/wp-content\/uploads\/2026\/03\/2150061930-1.jpg\" \/>\n<meta name=\"twitter:card\" content=\"summary_large_image\" \/>\n<script type=\"application\/ld+json\" class=\"yoast-schema-graph\">{\"@context\":\"https:\\\/\\\/schema.org\",\"@graph\":[{\"@type\":\"WebPage\",\"@id\":\"https:\\\/\\\/anodynecare.io\\\/no\\\/pris\\\/\",\"url\":\"https:\\\/\\\/anodynecare.io\\\/no\\\/pris\\\/\",\"name\":\"Hva det koster - Anodyne Care\",\"isPartOf\":{\"@id\":\"https:\\\/\\\/anodynecare.io\\\/no\\\/#website\"},\"primaryImageOfPage\":{\"@id\":\"https:\\\/\\\/anodynecare.io\\\/no\\\/pris\\\/#primaryimage\"},\"image\":{\"@id\":\"https:\\\/\\\/anodynecare.io\\\/no\\\/pris\\\/#primaryimage\"},\"thumbnailUrl\":\"https:\\\/\\\/anodynecare.io\\\/wp-content\\\/uploads\\\/2026\\\/03\\\/2150061930-1.jpg\",\"datePublished\":\"2026-04-16T08:40:28+00:00\",\"dateModified\":\"2026-04-17T11:14:46+00:00\",\"breadcrumb\":{\"@id\":\"https:\\\/\\\/anodynecare.io\\\/no\\\/pris\\\/#breadcrumb\"},\"inLanguage\":\"nb-NO\",\"potentialAction\":[{\"@type\":\"ReadAction\",\"target\":[\"https:\\\/\\\/anodynecare.io\\\/no\\\/pris\\\/\"]}]},{\"@type\":\"ImageObject\",\"inLanguage\":\"nb-NO\",\"@id\":\"https:\\\/\\\/anodynecare.io\\\/no\\\/pris\\\/#primaryimage\",\"url\":\"https:\\\/\\\/anodynecare.io\\\/wp-content\\\/uploads\\\/2026\\\/03\\\/2150061930-1.jpg\",\"contentUrl\":\"https:\\\/\\\/anodynecare.io\\\/wp-content\\\/uploads\\\/2026\\\/03\\\/2150061930-1.jpg\"},{\"@type\":\"BreadcrumbList\",\"@id\":\"https:\\\/\\\/anodynecare.io\\\/no\\\/pris\\\/#breadcrumb\",\"itemListElement\":[{\"@type\":\"ListItem\",\"position\":1,\"name\":\"Hjem\",\"item\":\"https:\\\/\\\/anodynecare.io\\\/no\\\/\"},{\"@type\":\"ListItem\",\"position\":2,\"name\":\"Pris\"}]},{\"@type\":\"WebSite\",\"@id\":\"https:\\\/\\\/anodynecare.io\\\/no\\\/#website\",\"url\":\"https:\\\/\\\/anodynecare.io\\\/no\\\/\",\"name\":\"Anodyne Care IO\",\"description\":\"\",\"publisher\":{\"@id\":\"https:\\\/\\\/anodynecare.io\\\/no\\\/#organization\"},\"potentialAction\":[{\"@type\":\"SearchAction\",\"target\":{\"@type\":\"EntryPoint\",\"urlTemplate\":\"https:\\\/\\\/anodynecare.io\\\/no\\\/?s={search_term_string}\"},\"query-input\":{\"@type\":\"PropertyValueSpecification\",\"valueRequired\":true,\"valueName\":\"search_term_string\"}}],\"inLanguage\":\"nb-NO\"},{\"@type\":\"Organization\",\"@id\":\"https:\\\/\\\/anodynecare.io\\\/no\\\/#organization\",\"name\":\"Anodyne Care\",\"url\":\"https:\\\/\\\/anodynecare.io\\\/no\\\/\",\"logo\":{\"@type\":\"ImageObject\",\"inLanguage\":\"nb-NO\",\"@id\":\"https:\\\/\\\/anodynecare.io\\\/no\\\/#\\\/schema\\\/logo\\\/image\\\/\",\"url\":\"https:\\\/\\\/anodynecare.io\\\/wp-content\\\/uploads\\\/2026\\\/03\\\/AnodyneCare_logo.svg\",\"contentUrl\":\"https:\\\/\\\/anodynecare.io\\\/wp-content\\\/uploads\\\/2026\\\/03\\\/AnodyneCare_logo.svg\",\"width\":1,\"height\":1,\"caption\":\"Anodyne Care\"},\"image\":{\"@id\":\"https:\\\/\\\/anodynecare.io\\\/no\\\/#\\\/schema\\\/logo\\\/image\\\/\"}}]}<\/script>\n<!-- \/ Yoast SEO plugin. -->","yoast_head_json":{"title":"Hva det koster - Anodyne Care","robots":{"index":"noindex","follow":"follow","max-snippet":"max-snippet:-1","max-image-preview":"max-image-preview:large","max-video-preview":"max-video-preview:-1"},"og_locale":"nb_NO","og_type":"article","og_title":"Hva det koster - Anodyne Care","og_description":"Hva det koster Vedvarende smerter trenger ikke en engangsbehandling \u2013 de krever kontinuerlig oppmerksomhet, l\u00f8pende justeringer og en lege som virkelig kjenner deg. Derfor tilbyr vi ett enkelt medlemskap som gir deg direkte tilgang til medisinsk behandling og langsiktig st\u00f8tte, hvert steg p\u00e5 veien. 999kr \/ m\u00e5ned Medlemskapet ditt er ikke et sett med forh\u00e5ndsbetalte [&hellip;]","og_url":"https:\/\/anodynecare.io\/no\/pris\/","og_site_name":"Anodyne Care IO","article_modified_time":"2026-04-17T11:14:46+00:00","og_image":[{"url":"https:\/\/anodynecare.io\/wp-content\/uploads\/2026\/03\/2150061930-1.jpg","type":"","width":"","height":""}],"twitter_card":"summary_large_image","schema":{"@context":"https:\/\/schema.org","@graph":[{"@type":"WebPage","@id":"https:\/\/anodynecare.io\/no\/pris\/","url":"https:\/\/anodynecare.io\/no\/pris\/","name":"Hva det koster - Anodyne Care","isPartOf":{"@id":"https:\/\/anodynecare.io\/no\/#website"},"primaryImageOfPage":{"@id":"https:\/\/anodynecare.io\/no\/pris\/#primaryimage"},"image":{"@id":"https:\/\/anodynecare.io\/no\/pris\/#primaryimage"},"thumbnailUrl":"https:\/\/anodynecare.io\/wp-content\/uploads\/2026\/03\/2150061930-1.jpg","datePublished":"2026-04-16T08:40:28+00:00","dateModified":"2026-04-17T11:14:46+00:00","breadcrumb":{"@id":"https:\/\/anodynecare.io\/no\/pris\/#breadcrumb"},"inLanguage":"nb-NO","potentialAction":[{"@type":"ReadAction","target":["https:\/\/anodynecare.io\/no\/pris\/"]}]},{"@type":"ImageObject","inLanguage":"nb-NO","@id":"https:\/\/anodynecare.io\/no\/pris\/#primaryimage","url":"https:\/\/anodynecare.io\/wp-content\/uploads\/2026\/03\/2150061930-1.jpg","contentUrl":"https:\/\/anodynecare.io\/wp-content\/uploads\/2026\/03\/2150061930-1.jpg"},{"@type":"BreadcrumbList","@id":"https:\/\/anodynecare.io\/no\/pris\/#breadcrumb","itemListElement":[{"@type":"ListItem","position":1,"name":"Hjem","item":"https:\/\/anodynecare.io\/no\/"},{"@type":"ListItem","position":2,"name":"Pris"}]},{"@type":"WebSite","@id":"https:\/\/anodynecare.io\/no\/#website","url":"https:\/\/anodynecare.io\/no\/","name":"Anodyne Care IO","description":"","publisher":{"@id":"https:\/\/anodynecare.io\/no\/#organization"},"potentialAction":[{"@type":"SearchAction","target":{"@type":"EntryPoint","urlTemplate":"https:\/\/anodynecare.io\/no\/?s={search_term_string}"},"query-input":{"@type":"PropertyValueSpecification","valueRequired":true,"valueName":"search_term_string"}}],"inLanguage":"nb-NO"},{"@type":"Organization","@id":"https:\/\/anodynecare.io\/no\/#organization","name":"Anodyne Care","url":"https:\/\/anodynecare.io\/no\/","logo":{"@type":"ImageObject","inLanguage":"nb-NO","@id":"https:\/\/anodynecare.io\/no\/#\/schema\/logo\/image\/","url":"https:\/\/anodynecare.io\/wp-content\/uploads\/2026\/03\/AnodyneCare_logo.svg","contentUrl":"https:\/\/anodynecare.io\/wp-content\/uploads\/2026\/03\/AnodyneCare_logo.svg","width":1,"height":1,"caption":"Anodyne Care"},"image":{"@id":"https:\/\/anodynecare.io\/no\/#\/schema\/logo\/image\/"}}]}},"_links":{"self":[{"href":"https:\/\/anodynecare.io\/no\/wp-json\/wp\/v2\/pages\/15543","targetHints":{"allow":["GET"]}}],"collection":[{"href":"https:\/\/anodynecare.io\/no\/wp-json\/wp\/v2\/pages"}],"about":[{"href":"https:\/\/anodynecare.io\/no\/wp-json\/wp\/v2\/types\/page"}],"author":[{"embeddable":true,"href":"https:\/\/anodynecare.io\/no\/wp-json\/wp\/v2\/users\/1"}],"replies":[{"embeddable":true,"href":"https:\/\/anodynecare.io\/no\/wp-json\/wp\/v2\/comments?post=15543"}],"version-history":[{"count":5,"href":"https:\/\/anodynecare.io\/no\/wp-json\/wp\/v2\/pages\/15543\/revisions"}],"predecessor-version":[{"id":15772,"href":"https:\/\/anodynecare.io\/no\/wp-json\/wp\/v2\/pages\/15543\/revisions\/15772"}],"wp:attachment":[{"href":"https:\/\/anodynecare.io\/no\/wp-json\/wp\/v2\/media?parent=15543"}],"curies":[{"name":"wp","href":"https:\/\/api.w.org\/{rel}","templated":true}]}}