{"id":15119,"date":"2026-04-13T10:29:25","date_gmt":"2026-04-13T09:29:25","guid":{"rendered":"https:\/\/anodynecare.io\/samtykkeerklaering\/"},"modified":"2026-04-13T10:57:52","modified_gmt":"2026-04-13T09:57:52","slug":"samtykkeerklaering","status":"publish","type":"page","link":"https:\/\/anodynecare.io\/no\/samtykkeerklaering\/","title":{"rendered":"Samtykkeerkl\u00e6ring"},"content":{"rendered":"\t\t<div data-elementor-type=\"wp-page\" data-elementor-id=\"15119\" class=\"elementor elementor-15119 elementor-15108\">\n\t\t\t\t        <section class=\"elementor-section elementor-top-section elementor-element elementor-element-5195cb23 elementor-section-stretched animated-fast elementor-section-boxed elementor-section-height-default elementor-section-height-default pxl-row-scroll-none pxl-zoom-point-false pxl-section-overflow-visible elementor-invisible\" data-id=\"5195cb23\" data-element_type=\"section\" data-e-type=\"section\" data-settings=\"{&quot;stretch_section&quot;:&quot;section-stretched&quot;,&quot;background_background&quot;:&quot;classic&quot;,&quot;animation&quot;:&quot;fadeIn&quot;}\">\n\n                \n                <div class=\"elementor-container elementor-column-gap-default \">\n                <div class=\"elementor-column elementor-col-100 elementor-top-column elementor-element elementor-element-78b52964 pxl-column-none pxl-column-overflow-hidden-no\" data-id=\"78b52964\" data-element_type=\"column\" data-e-type=\"column\">\r\n        <div class=\"elementor-widget-wrap elementor-element-populated\">\r\n                     \r\n                <section class=\"elementor-section elementor-inner-section elementor-element elementor-element-294fb0d3 elementor-section-boxed elementor-section-height-default elementor-section-height-default pxl-row-scroll-none pxl-zoom-point-false pxl-section-overflow-visible\" data-id=\"294fb0d3\" data-element_type=\"section\" data-e-type=\"section\">\n\n                \n                <div class=\"elementor-container elementor-column-gap-extended \">\n                <div class=\"elementor-column elementor-col-100 elementor-inner-column elementor-element elementor-element-12177665 pxl-column-none pxl-column-overflow-hidden-no\" data-id=\"12177665\" data-element_type=\"column\" data-e-type=\"column\">\r\n        <div class=\"elementor-widget-wrap elementor-element-populated\">\r\n                     \r\n        \t\t<div class=\"elementor-element elementor-element-39d1d46b ft-gt elementor-widget elementor-widget-pxl_heading\" data-id=\"39d1d46b\" data-element_type=\"widget\" data-e-type=\"widget\" data-widget_type=\"pxl_heading.default\">\n\t\t\t\t<div class=\"elementor-widget-container\">\n\t\t\t\t\t\n<div id=\"pxl-pxl_heading-39d1d46b-7819\" class=\"pxl-heading px-sub-title-default-style \">\n\t<div class=\"pxl-heading--inner\">\n\t\t\n\t\t<h1 class=\"pxl-item--title style-default  highlight-default pxl-split-text split-in-fade\" data-wow-delay=\"ms\">\n\t\t\t\t\tSamtykkeerkl\u00e6ring\t\n\t\t\t\n\t\t<\/h1>\n\t\t\n\t<\/div>\n<\/div>\t\t\t\t<\/div>\n\t\t\t\t<\/div>\n\t\t\t\t<div class=\"elementor-element elementor-element-26739f80 elementor-widget elementor-widget-spacer\" data-id=\"26739f80\" data-element_type=\"widget\" data-e-type=\"widget\" data-widget_type=\"spacer.default\">\n\t\t\t\t\t\t\t<div class=\"elementor-spacer\">\n\t\t\t<div class=\"elementor-spacer-inner\"><\/div>\n\t\t<\/div>\n\t\t\t\t\t\t<\/div>\n\t\t\t\t<div class=\"elementor-element elementor-element-385e6232 elementor-widget elementor-widget-spacer\" data-id=\"385e6232\" data-element_type=\"widget\" data-e-type=\"widget\" data-widget_type=\"spacer.default\">\n\t\t\t\t\t\t\t<div class=\"elementor-spacer\">\n\t\t\t<div class=\"elementor-spacer-inner\"><\/div>\n\t\t<\/div>\n\t\t\t\t\t\t<\/div>\n\t\t\t\t<div class=\"elementor-element elementor-element-7daa40fd elementor-widget__width-auto elementor-widget-tablet__width-inherit elementor-widget elementor-widget-pxl_text_editor\" data-id=\"7daa40fd\" data-element_type=\"widget\" data-e-type=\"widget\" data-widget_type=\"pxl_text_editor.default\">\n\t\t\t\t<div class=\"elementor-widget-container\">\n\t\t\t\t\t<div class=\"pxl-text-editor default\">\n\t<div class=\"pxl-item--inner  \" data-wow-delay=\"ms\">\n\t\t<p>Jeg gir herved Anodyne Care ApS (heretter kalt \u00abAnodyne Care\u00bb) tillatelse til \u00e5 samle inn, lagre og behandle mine personopplysninger i samsvar med personopplysningsloven av 2018 og EUs personvernforordning (GDPR) slik den er gjennomf\u00f8rt i norsk rett. Dette inkluderer, men er ikke begrenset til, helseopplysninger, kontaktopplysninger og andre relevante personopplysninger som er n\u00f8dvendige for min behandling og pleie. Det inkluderer spesifikt ogs\u00e5 video- og lydopptak av konsultasjoner, samt anonymisert bruk av data i forbindelse med KI-basert analyse for \u00e5 optimalisere min behandling.  <\/p>\n<h2>Lawful Basis for Processing<\/h2>\n<p>Behandlingen av dine personopplysninger, herunder s\u00e6rlige kategorier av helseopplysninger, er basert p\u00e5 ditt uttrykkelige samtykke etter GDPR artikkel 6 nr. 1 bokstav a) og artikkel 9 nr. 2 bokstav a), jf. personopplysningsloven \u00a7 1. Du har rett til \u00e5 trekke tilbake samtykket n\u00e5r som helst (se nedenfor). <\/p>\n<h2>Form\u00e5l med behandlingen<\/h2>\n<p>Dine personopplysninger vil bli behandlet til f\u00f8lgende form\u00e5l:<\/p>\n<ol>\n<li>\u00c5 gi deg medisinsk behandling og pleie.<\/li>\n<li>\u00c5 administrere og koordinere dine helse- og omsorgstjenester.<\/li>\n<li>\u00c5 kommunisere med annet helsepersonell og tjenesteleverand\u00f8rer som er involvert i din behandling.<\/li>\n<li>\u00c5 gjennomf\u00f8re anonymisert KI-basert analyse for \u00e5 st\u00f8tte og forbedre klinisk beslutningstaking knyttet til din behandling.<\/li>\n<\/ol>\n<h2>Deling av opplysninger<\/h2>\n<p>Jeg samtykker ogs\u00e5 til at Anodyne Care kan dele mine personopplysninger med annet helsepersonell og tjenesteleverand\u00f8rer som er involvert i min behandling, n\u00e5r dette er n\u00f8dvendig for \u00e5 sikre at jeg mottar best mulig omsorg. Slik deling vil skje i samsvar med personopplysningsloven og GDPR, og bare i den utstrekning det er n\u00f8dvendig for det aktuelle form\u00e5let. <\/p>\n<h2>Overf\u00f8ring av personopplysninger innen E\u00d8S<\/h2>\n<p>Anodyne Care ApS er etablert i Danmark, som er medlem av EU\/E\u00d8S. Norges tilslutning til E\u00d8S-avtalen inneb\u00e6rer at overf\u00f8ring av personopplysninger mellom Norge og Danmark skjer innenfor E\u00d8S-omr\u00e5det og er underlagt det samme regelverket etter GDPR. Det er derfor ikke n\u00f8dvendig med s\u00e6rskilte overf\u00f8ringsgrunnlag etter GDPR kapittel V for slike overf\u00f8ringer. <\/p>\n<h2>Rett til \u00e5 trekke tilbake samtykket<\/h2>\n<p>Jeg forst\u00e5r at jeg n\u00e5r som helst har rett til \u00e5 trekke tilbake mitt samtykke ved skriftlig henvendelse til Anodyne Care. Jeg er kjent med at tilbaketrekning av samtykket ikke p\u00e5virker lovligheten av behandling som er utf\u00f8rt f\u00f8r samtykket ble trukket tilbake. <\/p>\n<h2>Dine rettigheter etter GDPR og personopplysningsloven<\/h2>\n<p>I henhold til GDPR og personopplysningsloven av 2018 har du f\u00f8lgende rettigheter knyttet til dine personopplysninger:<\/p>\n<ul>\n<li>Rett til innsyn (art. 15): Rett til \u00e5 f\u00e5 en kopi av de personopplysningene som behandles om deg.<\/li>\n<li>Rett til retting (art. 16): Rett til \u00e5 f\u00e5 rettet uriktige eller ufullstendige personopplysninger.<\/li>\n<li>Rett til sletting (art. 17): Rett til \u00e5 kreve sletting av dine personopplysninger, med mindre det foreligger lovpliktig plikt til oppbevaring.<\/li>\n<li>Rett til begrensning av behandling (art. 18): Rett til \u00e5 kreve at behandlingen av dine opplysninger begrenses i visse situasjoner.<\/li>\n<li>Rett til dataportabilitet (art. 20): Rett til \u00e5 motta dine personopplysninger i et strukturert, alminnelig brukt og maskinlesbart format.<\/li>\n<li>Rett til \u00e5 protestere (art. 21): Rett til \u00e5 protestere mot behandling av dine personopplysninger i visse tilfeller.<\/li>\n<\/ul>\n<p>For \u00e5 benytte deg av noen av rettighetene ovenfor, kan du kontakte Anodyne Care skriftlig ved hjelp av kontaktopplysningene nedenfor.<\/p>\n<h2>Rett til \u00e5 klage til Datatilsynet<\/h2>\n<p>Dersom du mener at behandlingen av dine personopplysninger er i strid med personopplysningsloven eller GDPR, har du rett til \u00e5 klage til det norske Datatilsynet:<\/p>\n<p><strong>Datatilsynet<br \/><\/strong>Nettside: www.datatilsynet.no <br \/>E-post: postkasse@datatilsynet.no <br \/>Telefon: 22 39 69 00<\/p>\n<h2>Kontaktinformasjon<\/h2>\n<p>For sp\u00f8rsm\u00e5l eller bekymringer knyttet til behandlingen av dine personopplysninger, eller for \u00e5 utf\u00f8ve dine rettigheter, kan du kontakte Anodyne Care p\u00e5:<\/p>\n<p><strong>Anodyne Care ApS<\/strong> <br \/>Adresse: C\/O Sirius Advokater, Dampf\u00e6rgevej 10, 2, 2100 K\u00f8benhavn \u00d8, Danmark <br \/>E-post: info@anodynecare.io<\/p>\n\t\t\n\t<\/div>\n<\/div>\t\t\t\t<\/div>\n\t\t\t\t<\/div>\n\t\t            <\/div>\r\n        <\/div>\r\n        \t\t\t<\/div>\n\t\t<\/section>\n\t\t            <\/div>\r\n        <\/div>\r\n        \t\t\t<\/div>\n\t\t<\/section>\n\t\t\t\t<\/div>\n\t\t","protected":false},"excerpt":{"rendered":"<p>Samtykkeerkl\u00e6ring Jeg gir herved Anodyne Care ApS (heretter kalt \u00abAnodyne Care\u00bb) tillatelse til \u00e5 samle inn, lagre og behandle mine personopplysninger i samsvar med personopplysningsloven av 2018 og EUs personvernforordning (GDPR) slik den er gjennomf\u00f8rt i norsk rett. Dette inkluderer, men er ikke begrenset til, helseopplysninger, kontaktopplysninger og andre relevante personopplysninger som er n\u00f8dvendige for [&hellip;]<\/p>\n","protected":false},"author":1,"featured_media":0,"parent":0,"menu_order":0,"comment_status":"closed","ping_status":"closed","template":"","meta":{"footnotes":""},"class_list":["post-15119","page","type-page","status-publish","hentry"],"yoast_head":"<!-- This site is optimized with the Yoast SEO plugin v27.4 - https:\/\/yoast.com\/product\/yoast-seo-wordpress\/ -->\n<title>Samtykkeerkl\u00e6ring &#8226; Anodyne Care IO<\/title>\n<meta name=\"robots\" content=\"noindex, follow, max-snippet:-1, max-image-preview:large, max-video-preview:-1\" \/>\n<meta property=\"og:locale\" content=\"nb_NO\" \/>\n<meta property=\"og:type\" content=\"article\" \/>\n<meta property=\"og:title\" content=\"Samtykkeerkl\u00e6ring &#8226; Anodyne Care IO\" \/>\n<meta property=\"og:description\" content=\"Samtykkeerkl\u00e6ring Jeg gir herved Anodyne Care ApS (heretter kalt \u00abAnodyne Care\u00bb) tillatelse til \u00e5 samle inn, lagre og behandle mine personopplysninger i samsvar med personopplysningsloven av 2018 og EUs personvernforordning (GDPR) slik den er gjennomf\u00f8rt i norsk rett. Dette inkluderer, men er ikke begrenset til, helseopplysninger, kontaktopplysninger og andre relevante personopplysninger som er n\u00f8dvendige for [&hellip;]\" \/>\n<meta property=\"og:url\" content=\"https:\/\/anodynecare.io\/no\/samtykkeerklaering\/\" \/>\n<meta property=\"og:site_name\" content=\"Anodyne Care IO\" \/>\n<meta property=\"article:modified_time\" content=\"2026-04-13T09:57:52+00:00\" \/>\n<meta name=\"twitter:card\" content=\"summary_large_image\" \/>\n<script type=\"application\/ld+json\" class=\"yoast-schema-graph\">{\"@context\":\"https:\\\/\\\/schema.org\",\"@graph\":[{\"@type\":\"WebPage\",\"@id\":\"https:\\\/\\\/anodynecare.io\\\/no\\\/samtykkeerklaering\\\/\",\"url\":\"https:\\\/\\\/anodynecare.io\\\/no\\\/samtykkeerklaering\\\/\",\"name\":\"Samtykkeerkl\u00e6ring &#8226; Anodyne Care IO\",\"isPartOf\":{\"@id\":\"https:\\\/\\\/anodynecare.io\\\/no\\\/#website\"},\"datePublished\":\"2026-04-13T09:29:25+00:00\",\"dateModified\":\"2026-04-13T09:57:52+00:00\",\"breadcrumb\":{\"@id\":\"https:\\\/\\\/anodynecare.io\\\/no\\\/samtykkeerklaering\\\/#breadcrumb\"},\"inLanguage\":\"nb-NO\",\"potentialAction\":[{\"@type\":\"ReadAction\",\"target\":[\"https:\\\/\\\/anodynecare.io\\\/no\\\/samtykkeerklaering\\\/\"]}]},{\"@type\":\"BreadcrumbList\",\"@id\":\"https:\\\/\\\/anodynecare.io\\\/no\\\/samtykkeerklaering\\\/#breadcrumb\",\"itemListElement\":[{\"@type\":\"ListItem\",\"position\":1,\"name\":\"Hjem\",\"item\":\"https:\\\/\\\/anodynecare.io\\\/no\\\/\"},{\"@type\":\"ListItem\",\"position\":2,\"name\":\"Samtykkeerkl\u00e6ring\"}]},{\"@type\":\"WebSite\",\"@id\":\"https:\\\/\\\/anodynecare.io\\\/no\\\/#website\",\"url\":\"https:\\\/\\\/anodynecare.io\\\/no\\\/\",\"name\":\"Anodyne Care IO\",\"description\":\"\",\"publisher\":{\"@id\":\"https:\\\/\\\/anodynecare.io\\\/no\\\/#organization\"},\"potentialAction\":[{\"@type\":\"SearchAction\",\"target\":{\"@type\":\"EntryPoint\",\"urlTemplate\":\"https:\\\/\\\/anodynecare.io\\\/no\\\/?s={search_term_string}\"},\"query-input\":{\"@type\":\"PropertyValueSpecification\",\"valueRequired\":true,\"valueName\":\"search_term_string\"}}],\"inLanguage\":\"nb-NO\"},{\"@type\":\"Organization\",\"@id\":\"https:\\\/\\\/anodynecare.io\\\/no\\\/#organization\",\"name\":\"Anodyne Care\",\"url\":\"https:\\\/\\\/anodynecare.io\\\/no\\\/\",\"logo\":{\"@type\":\"ImageObject\",\"inLanguage\":\"nb-NO\",\"@id\":\"https:\\\/\\\/anodynecare.io\\\/no\\\/#\\\/schema\\\/logo\\\/image\\\/\",\"url\":\"https:\\\/\\\/anodynecare.io\\\/wp-content\\\/uploads\\\/2026\\\/03\\\/AnodyneCare_logo.svg\",\"contentUrl\":\"https:\\\/\\\/anodynecare.io\\\/wp-content\\\/uploads\\\/2026\\\/03\\\/AnodyneCare_logo.svg\",\"width\":1,\"height\":1,\"caption\":\"Anodyne Care\"},\"image\":{\"@id\":\"https:\\\/\\\/anodynecare.io\\\/no\\\/#\\\/schema\\\/logo\\\/image\\\/\"}}]}<\/script>\n<!-- \/ Yoast SEO plugin. -->","yoast_head_json":{"title":"Samtykkeerkl\u00e6ring &#8226; Anodyne Care IO","robots":{"index":"noindex","follow":"follow","max-snippet":"max-snippet:-1","max-image-preview":"max-image-preview:large","max-video-preview":"max-video-preview:-1"},"og_locale":"nb_NO","og_type":"article","og_title":"Samtykkeerkl\u00e6ring &#8226; Anodyne Care IO","og_description":"Samtykkeerkl\u00e6ring Jeg gir herved Anodyne Care ApS (heretter kalt \u00abAnodyne Care\u00bb) tillatelse til \u00e5 samle inn, lagre og behandle mine personopplysninger i samsvar med personopplysningsloven av 2018 og EUs personvernforordning (GDPR) slik den er gjennomf\u00f8rt i norsk rett. Dette inkluderer, men er ikke begrenset til, helseopplysninger, kontaktopplysninger og andre relevante personopplysninger som er n\u00f8dvendige for [&hellip;]","og_url":"https:\/\/anodynecare.io\/no\/samtykkeerklaering\/","og_site_name":"Anodyne Care IO","article_modified_time":"2026-04-13T09:57:52+00:00","twitter_card":"summary_large_image","schema":{"@context":"https:\/\/schema.org","@graph":[{"@type":"WebPage","@id":"https:\/\/anodynecare.io\/no\/samtykkeerklaering\/","url":"https:\/\/anodynecare.io\/no\/samtykkeerklaering\/","name":"Samtykkeerkl\u00e6ring &#8226; Anodyne Care IO","isPartOf":{"@id":"https:\/\/anodynecare.io\/no\/#website"},"datePublished":"2026-04-13T09:29:25+00:00","dateModified":"2026-04-13T09:57:52+00:00","breadcrumb":{"@id":"https:\/\/anodynecare.io\/no\/samtykkeerklaering\/#breadcrumb"},"inLanguage":"nb-NO","potentialAction":[{"@type":"ReadAction","target":["https:\/\/anodynecare.io\/no\/samtykkeerklaering\/"]}]},{"@type":"BreadcrumbList","@id":"https:\/\/anodynecare.io\/no\/samtykkeerklaering\/#breadcrumb","itemListElement":[{"@type":"ListItem","position":1,"name":"Hjem","item":"https:\/\/anodynecare.io\/no\/"},{"@type":"ListItem","position":2,"name":"Samtykkeerkl\u00e6ring"}]},{"@type":"WebSite","@id":"https:\/\/anodynecare.io\/no\/#website","url":"https:\/\/anodynecare.io\/no\/","name":"Anodyne Care IO","description":"","publisher":{"@id":"https:\/\/anodynecare.io\/no\/#organization"},"potentialAction":[{"@type":"SearchAction","target":{"@type":"EntryPoint","urlTemplate":"https:\/\/anodynecare.io\/no\/?s={search_term_string}"},"query-input":{"@type":"PropertyValueSpecification","valueRequired":true,"valueName":"search_term_string"}}],"inLanguage":"nb-NO"},{"@type":"Organization","@id":"https:\/\/anodynecare.io\/no\/#organization","name":"Anodyne Care","url":"https:\/\/anodynecare.io\/no\/","logo":{"@type":"ImageObject","inLanguage":"nb-NO","@id":"https:\/\/anodynecare.io\/no\/#\/schema\/logo\/image\/","url":"https:\/\/anodynecare.io\/wp-content\/uploads\/2026\/03\/AnodyneCare_logo.svg","contentUrl":"https:\/\/anodynecare.io\/wp-content\/uploads\/2026\/03\/AnodyneCare_logo.svg","width":1,"height":1,"caption":"Anodyne Care"},"image":{"@id":"https:\/\/anodynecare.io\/no\/#\/schema\/logo\/image\/"}}]}},"_links":{"self":[{"href":"https:\/\/anodynecare.io\/no\/wp-json\/wp\/v2\/pages\/15119","targetHints":{"allow":["GET"]}}],"collection":[{"href":"https:\/\/anodynecare.io\/no\/wp-json\/wp\/v2\/pages"}],"about":[{"href":"https:\/\/anodynecare.io\/no\/wp-json\/wp\/v2\/types\/page"}],"author":[{"embeddable":true,"href":"https:\/\/anodynecare.io\/no\/wp-json\/wp\/v2\/users\/1"}],"replies":[{"embeddable":true,"href":"https:\/\/anodynecare.io\/no\/wp-json\/wp\/v2\/comments?post=15119"}],"version-history":[{"count":1,"href":"https:\/\/anodynecare.io\/no\/wp-json\/wp\/v2\/pages\/15119\/revisions"}],"predecessor-version":[{"id":15120,"href":"https:\/\/anodynecare.io\/no\/wp-json\/wp\/v2\/pages\/15119\/revisions\/15120"}],"wp:attachment":[{"href":"https:\/\/anodynecare.io\/no\/wp-json\/wp\/v2\/media?parent=15119"}],"curies":[{"name":"wp","href":"https:\/\/api.w.org\/{rel}","templated":true}]}}