{"id":15052,"date":"2024-07-18T16:07:39","date_gmt":"2024-07-18T15:07:39","guid":{"rendered":"https:\/\/anodynecare.io\/var-tilnaerming\/"},"modified":"2026-04-16T13:13:15","modified_gmt":"2026-04-16T12:13:15","slug":"var-tilnaerming","status":"publish","type":"page","link":"https:\/\/anodynecare.io\/no\/var-tilnaerming\/","title":{"rendered":"V\u00e5r tiln\u00e6rming"},"content":{"rendered":"\t\t<div data-elementor-type=\"wp-page\" data-elementor-id=\"15052\" class=\"elementor elementor-15052 elementor-67\">\n\t\t\t\t        <section class=\"elementor-section elementor-top-section elementor-element elementor-element-1f112e1 elementor-section-stretched animated-fast elementor-section-boxed elementor-section-height-default elementor-section-height-default pxl-row-scroll-none pxl-zoom-point-false pxl-section-overflow-visible elementor-invisible\" data-id=\"1f112e1\" data-element_type=\"section\" data-e-type=\"section\" data-settings=\"{&quot;stretch_section&quot;:&quot;section-stretched&quot;,&quot;background_background&quot;:&quot;classic&quot;,&quot;animation&quot;:&quot;fadeIn&quot;}\">\n\n                \n                <div class=\"elementor-container elementor-column-gap-default \">\n                <div class=\"elementor-column elementor-col-100 elementor-top-column elementor-element elementor-element-859a301 pxl-column-none pxl-column-overflow-hidden-no\" data-id=\"859a301\" data-element_type=\"column\" data-e-type=\"column\">\r\n        <div class=\"elementor-widget-wrap elementor-element-populated\">\r\n                     \r\n                <section class=\"elementor-section elementor-inner-section elementor-element elementor-element-3593e75 elementor-section-full_width elementor-section-height-default elementor-section-height-default pxl-row-scroll-none pxl-zoom-point-false pxl-section-overflow-visible pxl-full-content-with-space-none\" data-id=\"3593e75\" data-element_type=\"section\" data-e-type=\"section\">\n\n                \n                <div class=\"elementor-container elementor-column-gap-extended \">\n                <div class=\"elementor-column elementor-col-100 elementor-inner-column elementor-element elementor-element-26bc806 pxl-column-none pxl-column-overflow-hidden-no\" data-id=\"26bc806\" data-element_type=\"column\" data-e-type=\"column\">\r\n        <div class=\"elementor-widget-wrap elementor-element-populated\">\r\n                     \r\n        \t\t<div class=\"elementor-element elementor-element-f3cb9c3 ft-gt elementor-widget elementor-widget-pxl_heading\" data-id=\"f3cb9c3\" data-element_type=\"widget\" data-e-type=\"widget\" data-widget_type=\"pxl_heading.default\">\n\t\t\t\t<div class=\"elementor-widget-container\">\n\t\t\t\t\t\n<div id=\"pxl-pxl_heading-f3cb9c3-4487\" class=\"pxl-heading px-sub-title-default-style \">\n\t<div class=\"pxl-heading--inner\">\n\t\t\n\t\t<h1 class=\"pxl-item--title style-default  highlight-default pxl-split-text split-in-fade\" data-wow-delay=\"ms\">\n\t\t\t\t\tV\u00e5r tiln\u00e6rming\t\n\t\t\t\n\t\t<\/h1>\n\t\t\n\t<\/div>\n<\/div>\t\t\t\t<\/div>\n\t\t\t\t<\/div>\n\t\t\t\t<div class=\"elementor-element elementor-element-c741f89 elementor-widget__width-auto elementor-widget-tablet__width-inherit elementor-widget elementor-widget-pxl_text_editor\" data-id=\"c741f89\" data-element_type=\"widget\" data-e-type=\"widget\" data-widget_type=\"pxl_text_editor.default\">\n\t\t\t\t<div class=\"elementor-widget-container\">\n\t\t\t\t\t<div class=\"pxl-text-editor default\">\n\t<div class=\"pxl-item--inner  \" data-wow-delay=\"ms\">\n\t\t<p>Kombinere forskjellige terapier for \u00e5 adressere alle aspekter av smerte, og sikre omfattende og personlig omsorg. Vi forst\u00e5r den dype innvirkningen langvarig smerte kan ha p\u00e5 det daglige livet. V\u00e5re omfattende, evidensbaserte behandlingsplaner er tilpasset hver enkelt persons unike behov.  <\/p>\n\t\t\n\t<\/div>\n<\/div>\t\t\t\t<\/div>\n\t\t\t\t<\/div>\n\t\t\t\t<div class=\"elementor-element elementor-element-fe98169 elementor-align-center ft-gt-walsheim elementor-widget__width-auto elementor-invisible elementor-widget elementor-widget-pxl_button\" data-id=\"fe98169\" data-element_type=\"widget\" data-e-type=\"widget\" data-settings=\"{&quot;_animation&quot;:&quot;fadeInRight&quot;,&quot;_animation_delay&quot;:800}\" data-widget_type=\"pxl_button.default\">\n\t\t\t\t<div class=\"elementor-widget-container\">\n\t\t\t\t\t<div id=\"pxl-pxl_button-fe98169-5006\" class=\"pxl-button pxl-atc-link \" data-wow-delay=\"ms\">\r\n    <a href=\"#ctasection\" class=\"btn  btn-glossy btn-default  bg-default inline pxl-icon--right\" data-wow-delay=\"ms\" data-target=\".pxl-page-popup-template-0\">\r\n                    <i aria-hidden=\"true\" class=\"flaticon flaticon-next\"><\/i>                        <span class=\"pxl--btn-text\" data-text=\"Bli pasient\">\r\n                        Bli pasient        <\/span>\r\n    <\/a>\r\n<\/div>\t\t\t\t<\/div>\n\t\t\t\t<\/div>\n\t\t            <\/div>\r\n        <\/div>\r\n        \t\t\t<\/div>\n\t\t<\/section>\n\t\t            <\/div>\r\n        <\/div>\r\n        \t\t\t<\/div>\n\t\t<\/section>\n\t\t        <section class=\"elementor-section elementor-top-section elementor-element elementor-element-f64b999 elementor-section-content-middle elementor-section-stretched elementor-section-boxed elementor-section-height-default elementor-section-height-default pxl-row-scroll-none pxl-zoom-point-false pxl-section-overflow-visible\" data-id=\"f64b999\" data-element_type=\"section\" data-e-type=\"section\" data-settings=\"{&quot;stretch_section&quot;:&quot;section-stretched&quot;}\">\n\n                \n                <div class=\"elementor-container elementor-column-gap-extended \">\n                <div class=\"elementor-column elementor-col-100 elementor-top-column elementor-element elementor-element-a62e4cc pxl-column-none pxl-column-overflow-hidden-no\" data-id=\"a62e4cc\" data-element_type=\"column\" data-e-type=\"column\">\r\n        <div class=\"elementor-widget-wrap elementor-element-populated\">\r\n                     \r\n        \t\t<div class=\"elementor-element elementor-element-b9457f4 ft-gt elementor-widget elementor-widget-pxl_heading\" data-id=\"b9457f4\" data-element_type=\"widget\" data-e-type=\"widget\" data-widget_type=\"pxl_heading.default\">\n\t\t\t\t<div class=\"elementor-widget-container\">\n\t\t\t\t\t\n<div id=\"pxl-pxl_heading-b9457f4-3357\" class=\"pxl-heading px-sub-title-default-style \">\n\t<div class=\"pxl-heading--inner\">\n\t\t\n\t\t<h2 class=\"pxl-item--title style-default  highlight-default pxl-split-text split-in-fade\" data-wow-delay=\"ms\">\n\t\t\t\t\tEkspert og omsorgsfull behandling for komplekse smertetilstander\t\n\t\t\t\n\t\t<\/h2>\n\t\t\n\t<\/div>\n<\/div>\t\t\t\t<\/div>\n\t\t\t\t<\/div>\n\t\t\t\t<div class=\"elementor-element elementor-element-d978ead elementor-widget elementor-widget-pxl_text_editor\" data-id=\"d978ead\" data-element_type=\"widget\" data-e-type=\"widget\" data-widget_type=\"pxl_text_editor.default\">\n\t\t\t\t<div class=\"elementor-widget-container\">\n\t\t\t\t\t<div class=\"pxl-text-editor default\">\n\t<div class=\"pxl-item--inner  \" data-wow-delay=\"ms\">\n\t\t<p>Helsepersonell bruker et bredt spekter av instrumenter for \u00e5 diagnostisere og behandle en sykdom eller annen tilstand, for \u00e5 forhindre en forverring av symptomer, for \u00e5 erstatte en skadet del \u2013 for eksempel en hofte eller et kne \u2013 og s\u00e5 videre.<\/p>\n\t\t\n\t<\/div>\n<\/div>\t\t\t\t<\/div>\n\t\t\t\t<\/div>\n\t\t            <\/div>\r\n        <\/div>\r\n        \t\t\t<\/div>\n\t\t<\/section>\n\t\t        <section class=\"elementor-section elementor-top-section elementor-element elementor-element-cb75ab0 elementor-section-stretched elementor-section-boxed elementor-section-height-default elementor-section-height-default pxl-row-scroll-none pxl-zoom-point-false pxl-section-overflow-visible\" data-id=\"cb75ab0\" data-element_type=\"section\" data-e-type=\"section\" data-settings=\"{&quot;stretch_section&quot;:&quot;section-stretched&quot;}\">\n\n                \n                <div class=\"elementor-container elementor-column-gap-extended \">\n                <div class=\"elementor-column elementor-col-50 elementor-top-column elementor-element elementor-element-bbce444 pxl-column-none pxl-column-overflow-hidden-no elementor-invisible\" data-id=\"bbce444\" data-element_type=\"column\" data-e-type=\"column\" data-settings=\"{&quot;animation&quot;:&quot;fadeInLeft&quot;}\">\r\n        <div class=\"elementor-widget-wrap elementor-element-populated\">\r\n                     \r\n        \t\t<div class=\"elementor-element elementor-element-f4591de elementor-widget elementor-widget-pxl_icon_box\" data-id=\"f4591de\" data-element_type=\"widget\" data-e-type=\"widget\" data-widget_type=\"pxl_icon_box.default\">\n\t\t\t\t<div class=\"elementor-widget-container\">\n\t\t\t\t\t<div class=\"pxl-icon-box pxl-icon-box1 style-2 ani3 \" data-wow-delay=\"ms\">\r\n    <div class=\"pxl-item--inner\">\r\n        \r\n                            <div class=\"pxl-item--icon\">\r\n                                    <i aria-hidden=\"true\" class=\"bootstrap-icons bi-search\"><\/i>                                <\/div>\r\n                        <div class=\"pxl-item--meta\">\r\n            <h2 class=\"pxl-item--title el-empty\">\r\n                        Evidensbasert                        <\/h2>\r\n            <div class=\"pxl-item--description el-empty\">Vi integrerer farmas\u00f8ytiske, fysiske og psykologiske terapier basert p\u00e5 dokumentert forskning for omfattende smertelindring.<\/div>\r\n        <\/div>\r\n    <\/div>\r\n<\/div>\t\t\t\t<\/div>\n\t\t\t\t<\/div>\n\t\t            <\/div>\r\n        <\/div>\r\n                <div class=\"elementor-column elementor-col-50 elementor-top-column elementor-element elementor-element-20d56e5 pxl-column-none pxl-column-overflow-hidden-no elementor-invisible\" data-id=\"20d56e5\" data-element_type=\"column\" data-e-type=\"column\" data-settings=\"{&quot;animation&quot;:&quot;fadeInRight&quot;}\">\r\n        <div class=\"elementor-widget-wrap elementor-element-populated\">\r\n                     \r\n        \t\t<div class=\"elementor-element elementor-element-0b9d1a8 elementor-widget elementor-widget-pxl_icon_box\" data-id=\"0b9d1a8\" data-element_type=\"widget\" data-e-type=\"widget\" data-widget_type=\"pxl_icon_box.default\">\n\t\t\t\t<div class=\"elementor-widget-container\">\n\t\t\t\t\t<div class=\"pxl-icon-box pxl-icon-box1 style-2 ani3 \" data-wow-delay=\"ms\">\r\n    <div class=\"pxl-item--inner\">\r\n        \r\n                            <div class=\"pxl-item--icon\">\r\n                                    <i aria-hidden=\"true\" class=\"fas fa-graduation-cap\"><\/i>                                <\/div>\r\n                        <div class=\"pxl-item--meta\">\r\n            <h3 class=\"pxl-item--title el-empty\">\r\n                        Spesialisering                        <\/h3>\r\n            <div class=\"pxl-item--description el-empty\">We specialize in managing a wide range of persistent pain as well as nausea conditions with tailored, condition-specific care.<\/div>\r\n        <\/div>\r\n    <\/div>\r\n<\/div>\t\t\t\t<\/div>\n\t\t\t\t<\/div>\n\t\t            <\/div>\r\n        <\/div>\r\n        \t\t\t<\/div>\n\t\t<\/section>\n\t\t        <section class=\"elementor-section elementor-top-section elementor-element elementor-element-14bb6dd elementor-section-stretched elementor-section-boxed elementor-section-height-default elementor-section-height-default pxl-row-scroll-none pxl-zoom-point-false pxl-section-overflow-visible\" data-id=\"14bb6dd\" data-element_type=\"section\" data-e-type=\"section\" data-settings=\"{&quot;stretch_section&quot;:&quot;section-stretched&quot;}\">\n\n                \n                <div class=\"elementor-container elementor-column-gap-extended \">\n                <div class=\"elementor-column elementor-col-50 elementor-top-column elementor-element elementor-element-6d4b7b7 pxl-column-none pxl-column-overflow-hidden-no elementor-invisible\" data-id=\"6d4b7b7\" data-element_type=\"column\" data-e-type=\"column\" data-settings=\"{&quot;animation&quot;:&quot;fadeInUp&quot;}\">\r\n        <div class=\"elementor-widget-wrap elementor-element-populated\">\r\n                     \r\n        \t\t<div class=\"elementor-element elementor-element-c3bb375 elementor-widget elementor-widget-pxl_icon_box\" data-id=\"c3bb375\" data-element_type=\"widget\" data-e-type=\"widget\" data-widget_type=\"pxl_icon_box.default\">\n\t\t\t\t<div class=\"elementor-widget-container\">\n\t\t\t\t\t<div class=\"pxl-icon-box pxl-icon-box1 style-2 ani3 \" data-wow-delay=\"ms\">\r\n    <div class=\"pxl-item--inner\">\r\n        \r\n                            <div class=\"pxl-item--icon\">\r\n                                    <i aria-hidden=\"true\" class=\"fas fa-mobile-alt\"><\/i>                                <\/div>\r\n                        <div class=\"pxl-item--meta\">\r\n            <h3 class=\"pxl-item--title el-empty\">\r\n                        Fleksibilitet                        <\/h3>\r\n            <div class=\"pxl-item--description el-empty\">V\u00e5rt tilbud kombinerer fysiske bes\u00f8k med digitale verkt\u00f8y, og tilbyr fleksible og effektive behandlingsalternativer.<\/div>\r\n        <\/div>\r\n    <\/div>\r\n<\/div>\t\t\t\t<\/div>\n\t\t\t\t<\/div>\n\t\t            <\/div>\r\n        <\/div>\r\n                <div class=\"elementor-column elementor-col-50 elementor-top-column elementor-element elementor-element-fb8a30b pxl-column-none pxl-column-overflow-hidden-no elementor-invisible\" data-id=\"fb8a30b\" data-element_type=\"column\" data-e-type=\"column\" data-settings=\"{&quot;animation&quot;:&quot;fadeInUp&quot;}\">\r\n        <div class=\"elementor-widget-wrap elementor-element-populated\">\r\n                     \r\n        \t\t<div class=\"elementor-element elementor-element-a052609 elementor-widget elementor-widget-pxl_icon_box\" data-id=\"a052609\" data-element_type=\"widget\" data-e-type=\"widget\" data-widget_type=\"pxl_icon_box.default\">\n\t\t\t\t<div class=\"elementor-widget-container\">\n\t\t\t\t\t<div class=\"pxl-icon-box pxl-icon-box1 style-2 ani3 \" data-wow-delay=\"ms\">\r\n    <div class=\"pxl-item--inner\">\r\n        \r\n                            <div class=\"pxl-item--icon\">\r\n                                    <i aria-hidden=\"true\" class=\"far fa-hand-paper\"><\/i>                                <\/div>\r\n                        <div class=\"pxl-item--meta\">\r\n            <h3 class=\"pxl-item--title el-empty\">\r\n                        Samarbeid                        <\/h3>\r\n            <div class=\"pxl-item--description el-empty\">Vi samarbeider med andre typer helsepersonell for \u00e5 skape en tverrfaglig tiln\u00e6rming til hver pasient.<\/div>\r\n        <\/div>\r\n    <\/div>\r\n<\/div>\t\t\t\t<\/div>\n\t\t\t\t<\/div>\n\t\t            <\/div>\r\n        <\/div>\r\n        \t\t\t<\/div>\n\t\t<\/section>\n\t\t        <section class=\"elementor-section elementor-top-section elementor-element elementor-element-80b7a61 elementor-section-stretched elementor-section-boxed elementor-section-height-default elementor-section-height-default pxl-row-scroll-none pxl-zoom-point-false pxl-section-overflow-visible\" data-id=\"80b7a61\" data-element_type=\"section\" data-e-type=\"section\" data-settings=\"{&quot;stretch_section&quot;:&quot;section-stretched&quot;}\">\n\n                \n                <div class=\"elementor-container elementor-column-gap-extended \">\n                <div class=\"elementor-column elementor-col-100 elementor-top-column elementor-element elementor-element-d424280 pxl-column-none pxl-column-overflow-hidden-no\" data-id=\"d424280\" data-element_type=\"column\" data-e-type=\"column\">\r\n        <div class=\"elementor-widget-wrap elementor-element-populated\">\r\n                     \r\n        \t\t<div class=\"elementor-element elementor-element-09ec797 elementor-widget elementor-widget-pxl_video_player\" data-id=\"09ec797\" data-element_type=\"widget\" data-e-type=\"widget\" data-widget_type=\"pxl_video_player.default\">\n\t\t\t\t<div class=\"elementor-widget-container\">\n\t\t\t\t\t<div class=\"pxl-video-player pxl-video-player1 pxl-video-style1 \" data-wow-delay=\"ms\">\r\n    <div class=\"pxl-video--inner \">\r\n                    <div class=\"pxl-video--holder\">\r\n                                    <div class=\"pxl-video--imagebg\">\r\n                        <div class=\"bg-image parallax\" data-parallax='{\"y\":-60}' style=\"background-image: url(https:\/\/anodynecare.io\/wp-content\/uploads\/2026\/04\/vlcsnap-2026-04-08-11h36m29s426_sharpened_opt2.jpg);\"><\/div>\r\n                    <\/div>\r\n                            <\/div>\r\n                            <div class=\"btn-video-wrap  el-parallax-wrap p-center\">\r\n                <a class=\"pxl-btn-video pxl-action-popup el-parallax-item style1\" href=\"https:\/\/www.youtube.com\/watch?v=QCofoHViVeg\">\r\n                                            <i aria-hidden=\"true\" class=\"fas fa-play\"><\/i>                                    <\/a>\r\n                            <\/div>\r\n            <\/div>\r\n<\/div>\t\t\t\t<\/div>\n\t\t\t\t<\/div>\n\t\t            <\/div>\r\n        <\/div>\r\n        \t\t\t<\/div>\n\t\t<\/section>\n\t\t\t\t<\/div>\n\t\t","protected":false},"excerpt":{"rendered":"<p>V\u00e5r tiln\u00e6rming Kombinere forskjellige terapier for \u00e5 adressere alle aspekter av smerte, og sikre omfattende og personlig omsorg. Vi forst\u00e5r den dype innvirkningen langvarig smerte kan ha p\u00e5 det daglige livet. V\u00e5re omfattende, evidensbaserte behandlingsplaner er tilpasset hver enkelt persons unike behov. Bli pasient Ekspert og omsorgsfull behandling for komplekse smertetilstander Helsepersonell bruker et bredt [&hellip;]<\/p>\n","protected":false},"author":1,"featured_media":0,"parent":0,"menu_order":0,"comment_status":"closed","ping_status":"closed","template":"","meta":{"footnotes":""},"class_list":["post-15052","page","type-page","status-publish","hentry"],"yoast_head":"<!-- This site is optimized with the Yoast SEO plugin v27.4 - https:\/\/yoast.com\/product\/yoast-seo-wordpress\/ -->\n<title>V\u00e5r tiln\u00e6rming &#8226; Anodyne Care IO<\/title>\n<meta name=\"robots\" content=\"noindex, follow, max-snippet:-1, max-image-preview:large, max-video-preview:-1\" \/>\n<meta property=\"og:locale\" content=\"nb_NO\" \/>\n<meta property=\"og:type\" content=\"article\" \/>\n<meta property=\"og:title\" content=\"V\u00e5r tiln\u00e6rming &#8226; Anodyne Care IO\" \/>\n<meta property=\"og:description\" content=\"V\u00e5r tiln\u00e6rming Kombinere forskjellige terapier for \u00e5 adressere alle aspekter av smerte, og sikre omfattende og personlig omsorg. Vi forst\u00e5r den dype innvirkningen langvarig smerte kan ha p\u00e5 det daglige livet. V\u00e5re omfattende, evidensbaserte behandlingsplaner er tilpasset hver enkelt persons unike behov. Bli pasient Ekspert og omsorgsfull behandling for komplekse smertetilstander Helsepersonell bruker et bredt [&hellip;]\" \/>\n<meta property=\"og:url\" content=\"https:\/\/anodynecare.io\/no\/var-tilnaerming\/\" \/>\n<meta property=\"og:site_name\" content=\"Anodyne Care IO\" \/>\n<meta property=\"article:modified_time\" content=\"2026-04-16T12:13:15+00:00\" \/>\n<meta name=\"twitter:card\" content=\"summary_large_image\" \/>\n<script type=\"application\/ld+json\" class=\"yoast-schema-graph\">{\"@context\":\"https:\\\/\\\/schema.org\",\"@graph\":[{\"@type\":\"WebPage\",\"@id\":\"https:\\\/\\\/anodynecare.io\\\/no\\\/var-tilnaerming\\\/\",\"url\":\"https:\\\/\\\/anodynecare.io\\\/no\\\/var-tilnaerming\\\/\",\"name\":\"V\u00e5r tiln\u00e6rming &#8226; Anodyne Care IO\",\"isPartOf\":{\"@id\":\"https:\\\/\\\/anodynecare.io\\\/no\\\/#website\"},\"datePublished\":\"2024-07-18T15:07:39+00:00\",\"dateModified\":\"2026-04-16T12:13:15+00:00\",\"breadcrumb\":{\"@id\":\"https:\\\/\\\/anodynecare.io\\\/no\\\/var-tilnaerming\\\/#breadcrumb\"},\"inLanguage\":\"nb-NO\",\"potentialAction\":[{\"@type\":\"ReadAction\",\"target\":[\"https:\\\/\\\/anodynecare.io\\\/no\\\/var-tilnaerming\\\/\"]}]},{\"@type\":\"BreadcrumbList\",\"@id\":\"https:\\\/\\\/anodynecare.io\\\/no\\\/var-tilnaerming\\\/#breadcrumb\",\"itemListElement\":[{\"@type\":\"ListItem\",\"position\":1,\"name\":\"Hjem\",\"item\":\"https:\\\/\\\/anodynecare.io\\\/no\\\/\"},{\"@type\":\"ListItem\",\"position\":2,\"name\":\"V\u00e5r tiln\u00e6rming\"}]},{\"@type\":\"WebSite\",\"@id\":\"https:\\\/\\\/anodynecare.io\\\/no\\\/#website\",\"url\":\"https:\\\/\\\/anodynecare.io\\\/no\\\/\",\"name\":\"Anodyne Care IO\",\"description\":\"\",\"publisher\":{\"@id\":\"https:\\\/\\\/anodynecare.io\\\/no\\\/#organization\"},\"potentialAction\":[{\"@type\":\"SearchAction\",\"target\":{\"@type\":\"EntryPoint\",\"urlTemplate\":\"https:\\\/\\\/anodynecare.io\\\/no\\\/?s={search_term_string}\"},\"query-input\":{\"@type\":\"PropertyValueSpecification\",\"valueRequired\":true,\"valueName\":\"search_term_string\"}}],\"inLanguage\":\"nb-NO\"},{\"@type\":\"Organization\",\"@id\":\"https:\\\/\\\/anodynecare.io\\\/no\\\/#organization\",\"name\":\"Anodyne Care\",\"url\":\"https:\\\/\\\/anodynecare.io\\\/no\\\/\",\"logo\":{\"@type\":\"ImageObject\",\"inLanguage\":\"nb-NO\",\"@id\":\"https:\\\/\\\/anodynecare.io\\\/no\\\/#\\\/schema\\\/logo\\\/image\\\/\",\"url\":\"https:\\\/\\\/anodynecare.io\\\/wp-content\\\/uploads\\\/2026\\\/03\\\/AnodyneCare_logo.svg\",\"contentUrl\":\"https:\\\/\\\/anodynecare.io\\\/wp-content\\\/uploads\\\/2026\\\/03\\\/AnodyneCare_logo.svg\",\"width\":1,\"height\":1,\"caption\":\"Anodyne Care\"},\"image\":{\"@id\":\"https:\\\/\\\/anodynecare.io\\\/no\\\/#\\\/schema\\\/logo\\\/image\\\/\"}}]}<\/script>\n<!-- \/ Yoast SEO plugin. -->","yoast_head_json":{"title":"V\u00e5r tiln\u00e6rming &#8226; Anodyne Care IO","robots":{"index":"noindex","follow":"follow","max-snippet":"max-snippet:-1","max-image-preview":"max-image-preview:large","max-video-preview":"max-video-preview:-1"},"og_locale":"nb_NO","og_type":"article","og_title":"V\u00e5r tiln\u00e6rming &#8226; Anodyne Care IO","og_description":"V\u00e5r tiln\u00e6rming Kombinere forskjellige terapier for \u00e5 adressere alle aspekter av smerte, og sikre omfattende og personlig omsorg. Vi forst\u00e5r den dype innvirkningen langvarig smerte kan ha p\u00e5 det daglige livet. V\u00e5re omfattende, evidensbaserte behandlingsplaner er tilpasset hver enkelt persons unike behov. Bli pasient Ekspert og omsorgsfull behandling for komplekse smertetilstander Helsepersonell bruker et bredt [&hellip;]","og_url":"https:\/\/anodynecare.io\/no\/var-tilnaerming\/","og_site_name":"Anodyne Care IO","article_modified_time":"2026-04-16T12:13:15+00:00","twitter_card":"summary_large_image","schema":{"@context":"https:\/\/schema.org","@graph":[{"@type":"WebPage","@id":"https:\/\/anodynecare.io\/no\/var-tilnaerming\/","url":"https:\/\/anodynecare.io\/no\/var-tilnaerming\/","name":"V\u00e5r tiln\u00e6rming &#8226; Anodyne Care IO","isPartOf":{"@id":"https:\/\/anodynecare.io\/no\/#website"},"datePublished":"2024-07-18T15:07:39+00:00","dateModified":"2026-04-16T12:13:15+00:00","breadcrumb":{"@id":"https:\/\/anodynecare.io\/no\/var-tilnaerming\/#breadcrumb"},"inLanguage":"nb-NO","potentialAction":[{"@type":"ReadAction","target":["https:\/\/anodynecare.io\/no\/var-tilnaerming\/"]}]},{"@type":"BreadcrumbList","@id":"https:\/\/anodynecare.io\/no\/var-tilnaerming\/#breadcrumb","itemListElement":[{"@type":"ListItem","position":1,"name":"Hjem","item":"https:\/\/anodynecare.io\/no\/"},{"@type":"ListItem","position":2,"name":"V\u00e5r tiln\u00e6rming"}]},{"@type":"WebSite","@id":"https:\/\/anodynecare.io\/no\/#website","url":"https:\/\/anodynecare.io\/no\/","name":"Anodyne Care IO","description":"","publisher":{"@id":"https:\/\/anodynecare.io\/no\/#organization"},"potentialAction":[{"@type":"SearchAction","target":{"@type":"EntryPoint","urlTemplate":"https:\/\/anodynecare.io\/no\/?s={search_term_string}"},"query-input":{"@type":"PropertyValueSpecification","valueRequired":true,"valueName":"search_term_string"}}],"inLanguage":"nb-NO"},{"@type":"Organization","@id":"https:\/\/anodynecare.io\/no\/#organization","name":"Anodyne Care","url":"https:\/\/anodynecare.io\/no\/","logo":{"@type":"ImageObject","inLanguage":"nb-NO","@id":"https:\/\/anodynecare.io\/no\/#\/schema\/logo\/image\/","url":"https:\/\/anodynecare.io\/wp-content\/uploads\/2026\/03\/AnodyneCare_logo.svg","contentUrl":"https:\/\/anodynecare.io\/wp-content\/uploads\/2026\/03\/AnodyneCare_logo.svg","width":1,"height":1,"caption":"Anodyne Care"},"image":{"@id":"https:\/\/anodynecare.io\/no\/#\/schema\/logo\/image\/"}}]}},"_links":{"self":[{"href":"https:\/\/anodynecare.io\/no\/wp-json\/wp\/v2\/pages\/15052","targetHints":{"allow":["GET"]}}],"collection":[{"href":"https:\/\/anodynecare.io\/no\/wp-json\/wp\/v2\/pages"}],"about":[{"href":"https:\/\/anodynecare.io\/no\/wp-json\/wp\/v2\/types\/page"}],"author":[{"embeddable":true,"href":"https:\/\/anodynecare.io\/no\/wp-json\/wp\/v2\/users\/1"}],"replies":[{"embeddable":true,"href":"https:\/\/anodynecare.io\/no\/wp-json\/wp\/v2\/comments?post=15052"}],"version-history":[{"count":3,"href":"https:\/\/anodynecare.io\/no\/wp-json\/wp\/v2\/pages\/15052\/revisions"}],"predecessor-version":[{"id":15689,"href":"https:\/\/anodynecare.io\/no\/wp-json\/wp\/v2\/pages\/15052\/revisions\/15689"}],"wp:attachment":[{"href":"https:\/\/anodynecare.io\/no\/wp-json\/wp\/v2\/media?parent=15052"}],"curies":[{"name":"wp","href":"https:\/\/api.w.org\/{rel}","templated":true}]}}