{"id":15049,"date":"2024-07-18T16:05:04","date_gmt":"2024-07-18T15:05:04","guid":{"rendered":"https:\/\/anodynecare.io\/kontakt\/"},"modified":"2026-04-16T13:15:54","modified_gmt":"2026-04-16T12:15:54","slug":"kontakt","status":"publish","type":"page","link":"https:\/\/anodynecare.io\/no\/kontakt\/","title":{"rendered":"Kontakt"},"content":{"rendered":"\t\t<div data-elementor-type=\"wp-page\" data-elementor-id=\"15049\" class=\"elementor elementor-15049 elementor-39\">\n\t\t\t\t        <section class=\"elementor-section elementor-top-section elementor-element elementor-element-36c88743 elementor-section-stretched animated-fast elementor-section-boxed elementor-section-height-default elementor-section-height-default pxl-row-scroll-none pxl-zoom-point-false pxl-section-overflow-visible elementor-invisible\" data-id=\"36c88743\" data-element_type=\"section\" data-e-type=\"section\" data-settings=\"{&quot;stretch_section&quot;:&quot;section-stretched&quot;,&quot;background_background&quot;:&quot;classic&quot;,&quot;animation&quot;:&quot;fadeIn&quot;}\">\n\n                \n                <div class=\"elementor-container elementor-column-gap-default \">\n                <div class=\"elementor-column elementor-col-100 elementor-top-column elementor-element elementor-element-2fe28ede pxl-column-none pxl-column-overflow-hidden-no\" data-id=\"2fe28ede\" data-element_type=\"column\" data-e-type=\"column\">\r\n        <div class=\"elementor-widget-wrap elementor-element-populated\">\r\n                     \r\n                <section class=\"elementor-section elementor-inner-section elementor-element elementor-element-20e7132d elementor-section-full_width elementor-section-height-default elementor-section-height-default pxl-row-scroll-none pxl-zoom-point-false pxl-section-overflow-visible pxl-full-content-with-space-none\" data-id=\"20e7132d\" data-element_type=\"section\" data-e-type=\"section\">\n\n                \n                <div class=\"elementor-container elementor-column-gap-extended \">\n                <div class=\"elementor-column elementor-col-100 elementor-inner-column elementor-element elementor-element-5e88c200 pxl-column-none pxl-column-overflow-hidden-no\" data-id=\"5e88c200\" data-element_type=\"column\" data-e-type=\"column\">\r\n        <div class=\"elementor-widget-wrap elementor-element-populated\">\r\n                     \r\n        \t\t<div class=\"elementor-element elementor-element-764e58bc ft-gt elementor-widget elementor-widget-pxl_heading\" data-id=\"764e58bc\" data-element_type=\"widget\" data-e-type=\"widget\" data-widget_type=\"pxl_heading.default\">\n\t\t\t\t<div class=\"elementor-widget-container\">\n\t\t\t\t\t\n<div id=\"pxl-pxl_heading-764e58bc-5012\" class=\"pxl-heading px-sub-title-default-style \">\n\t<div class=\"pxl-heading--inner\">\n\t\t\n\t\t<h1 class=\"pxl-item--title style-default  highlight-default pxl-split-text split-in-fade\" data-wow-delay=\"ms\">\n\t\t\t\t\tKontakt Anodyne Care\t\n\t\t\t\n\t\t<\/h1>\n\t\t\n\t<\/div>\n<\/div>\t\t\t\t<\/div>\n\t\t\t\t<\/div>\n\t\t\t\t<div class=\"elementor-element elementor-element-4c1029f4 elementor-widget__width-auto elementor-widget-tablet__width-inherit elementor-widget elementor-widget-pxl_text_editor\" data-id=\"4c1029f4\" data-element_type=\"widget\" data-e-type=\"widget\" data-widget_type=\"pxl_text_editor.default\">\n\t\t\t\t<div class=\"elementor-widget-container\">\n\t\t\t\t\t<div class=\"pxl-text-editor default\">\n\t<div class=\"pxl-item--inner  \" data-wow-delay=\"ms\">\n\t\t<p>Hos Anodyne Care forvandler vi liv ved \u00e5 tilby tilgjengelig, personlig behandling av vedvarende smerter, andre relaterte smerter og behandling av kvalme. Din livskvalitet er v\u00e5r prioritet. <\/p>\n\t\t\n\t<\/div>\n<\/div>\t\t\t\t<\/div>\n\t\t\t\t<\/div>\n\t\t            <\/div>\r\n        <\/div>\r\n        \t\t\t<\/div>\n\t\t<\/section>\n\t\t            <\/div>\r\n        <\/div>\r\n        \t\t\t<\/div>\n\t\t<\/section>\n\t\t        <section class=\"elementor-section elementor-top-section elementor-element elementor-element-463399a elementor-section-stretched elementor-section-boxed elementor-section-height-default elementor-section-height-default pxl-row-scroll-none pxl-zoom-point-false pxl-section-overflow-visible\" data-id=\"463399a\" data-element_type=\"section\" data-e-type=\"section\" data-settings=\"{&quot;stretch_section&quot;:&quot;section-stretched&quot;}\">\n\n                \n                <div class=\"elementor-container elementor-column-gap-extended \">\n                <div class=\"elementor-column elementor-col-100 elementor-top-column elementor-element elementor-element-4fb27aa pxl-column-none pxl-column-overflow-hidden-no\" data-id=\"4fb27aa\" data-element_type=\"column\" data-e-type=\"column\">\r\n        <div class=\"elementor-widget-wrap elementor-element-populated\">\r\n                     \r\n                <section class=\"elementor-section elementor-inner-section elementor-element elementor-element-d3690d0 elementor-section-boxed elementor-section-height-default elementor-section-height-default pxl-row-scroll-none pxl-zoom-point-false pxl-section-overflow-visible\" data-id=\"d3690d0\" data-element_type=\"section\" data-e-type=\"section\">\n\n                \n                <div class=\"elementor-container elementor-column-gap-extended \">\n                <div class=\"elementor-column elementor-col-33 elementor-inner-column elementor-element elementor-element-64c13f6 hv-box1 animated-fast pxl-column-none pxl-column-overflow-hidden-no elementor-invisible\" data-id=\"64c13f6\" data-element_type=\"column\" data-e-type=\"column\" data-settings=\"{&quot;background_background&quot;:&quot;classic&quot;,&quot;animation&quot;:&quot;fadeInUp&quot;}\">\r\n        <div class=\"elementor-widget-wrap elementor-element-populated\">\r\n                     \r\n        \t\t<div class=\"elementor-element elementor-element-c1b22b6 elementor-widget__width-auto elementor-widget elementor-widget-pxl_icon\" data-id=\"c1b22b6\" data-element_type=\"widget\" data-e-type=\"widget\" data-widget_type=\"pxl_icon.default\">\n\t\t\t\t<div class=\"elementor-widget-container\">\n\t\t\t\t\t    <div class=\"pxl-icon-list pxl-icon1  style-2  \" data-wow-delay=\"ms\">\r\n                                    <a class=\"elementor-repeater-item-05e5707 \" >\r\n                                        <i aria-hidden=\"true\" class=\"bootstrap-icons bi-envelope-open-fill\"><\/i>                                                        <\/a>\r\n                        <\/div>\r\n    \t\t\t\t<\/div>\n\t\t\t\t<\/div>\n\t\t\t\t<div class=\"elementor-element elementor-element-5fffccc elementor-widget elementor-widget-pxl_heading\" data-id=\"5fffccc\" data-element_type=\"widget\" data-e-type=\"widget\" data-widget_type=\"pxl_heading.default\">\n\t\t\t\t<div class=\"elementor-widget-container\">\n\t\t\t\t\t\n<div id=\"pxl-pxl_heading-5fffccc-5865\" class=\"pxl-heading px-sub-title-default-style \">\n\t<div class=\"pxl-heading--inner\">\n\t\t\n\t\t<h3 class=\"pxl-item--title style-default ft-gt highlight-default \" data-wow-delay=\"ms\">\n\t\t\t\t\tE-postst\u00f8tte\n\t\n\t\t\t\n\t\t<\/h3>\n\t\t\n\t<\/div>\n<\/div>\t\t\t\t<\/div>\n\t\t\t\t<\/div>\n\t\t\t\t<div class=\"elementor-element elementor-element-dd2894e elementor-widget elementor-widget-pxl_text_editor\" data-id=\"dd2894e\" data-element_type=\"widget\" data-e-type=\"widget\" data-widget_type=\"pxl_text_editor.default\">\n\t\t\t\t<div class=\"elementor-widget-container\">\n\t\t\t\t\t<div class=\"pxl-text-editor default\">\n\t<div class=\"pxl-item--inner  \" data-wow-delay=\"ms\">\n\t\t<p>Du kan kontakte en representant via e-post hvis du har sp\u00f8rsm\u00e5l.<\/p>\n\t\t\n\t<\/div>\n<\/div>\t\t\t\t<\/div>\n\t\t\t\t<\/div>\n\t\t\t\t<div class=\"elementor-element elementor-element-1e46f89 elementor-align-center ft-gt elementor-widget elementor-widget-pxl_button\" data-id=\"1e46f89\" data-element_type=\"widget\" data-e-type=\"widget\" data-widget_type=\"pxl_button.default\">\n\t\t\t\t<div class=\"elementor-widget-container\">\n\t\t\t\t\t<div id=\"pxl-pxl_button-1e46f89-2270\" class=\"pxl-button pxl-atc-link \" data-wow-delay=\"ms\">\r\n    <a href=\"mailto:info@anodynecare.io\" class=\"btn  btn-glossy btn-default  bg-default inline pxl-icon--right\" data-wow-delay=\"ms\" data-target=\".pxl-page-popup-template-0\">\r\n                    <i aria-hidden=\"true\" class=\"flaticon flaticon-next\"><\/i>                        <span class=\"pxl--btn-text\" data-text=\"info@anodynecare.io\">\r\n                        info@anodynecare.io        <\/span>\r\n    <\/a>\r\n<\/div>\t\t\t\t<\/div>\n\t\t\t\t<\/div>\n\t\t            <\/div>\r\n        <\/div>\r\n                <div class=\"elementor-column elementor-col-33 elementor-inner-column elementor-element elementor-element-7ec9433 hv-box1 animated-fast pxl-column-none pxl-column-overflow-hidden-no elementor-invisible\" data-id=\"7ec9433\" data-element_type=\"column\" data-e-type=\"column\" data-settings=\"{&quot;background_background&quot;:&quot;classic&quot;,&quot;animation&quot;:&quot;fadeInUp&quot;}\">\r\n        <div class=\"elementor-widget-wrap elementor-element-populated\">\r\n                     \r\n        \t\t<div class=\"elementor-element elementor-element-251a789 elementor-widget__width-auto elementor-widget elementor-widget-pxl_icon\" data-id=\"251a789\" data-element_type=\"widget\" data-e-type=\"widget\" data-widget_type=\"pxl_icon.default\">\n\t\t\t\t<div class=\"elementor-widget-container\">\n\t\t\t\t\t    <div class=\"pxl-icon-list pxl-icon1  style-2  \" data-wow-delay=\"ms\">\r\n                                    <a class=\"elementor-repeater-item-05e5707 \" >\r\n                                        <i aria-hidden=\"true\" class=\"fas fa-user-alt\"><\/i>                                                        <\/a>\r\n                        <\/div>\r\n    \t\t\t\t<\/div>\n\t\t\t\t<\/div>\n\t\t\t\t<div class=\"elementor-element elementor-element-82bebfb elementor-widget elementor-widget-pxl_heading\" data-id=\"82bebfb\" data-element_type=\"widget\" data-e-type=\"widget\" data-widget_type=\"pxl_heading.default\">\n\t\t\t\t<div class=\"elementor-widget-container\">\n\t\t\t\t\t\n<div id=\"pxl-pxl_heading-82bebfb-9656\" class=\"pxl-heading px-sub-title-default-style \">\n\t<div class=\"pxl-heading--inner\">\n\t\t\n\t\t<h3 class=\"pxl-item--title style-default ft-gt highlight-default \" data-wow-delay=\"ms\">\n\t\t\t\t\tLogg inn p\u00e5 systemet v\u00e5rt\t\n\t\t\t\n\t\t<\/h3>\n\t\t\n\t<\/div>\n<\/div>\t\t\t\t<\/div>\n\t\t\t\t<\/div>\n\t\t\t\t<div class=\"elementor-element elementor-element-e103248 elementor-widget elementor-widget-pxl_text_editor\" data-id=\"e103248\" data-element_type=\"widget\" data-e-type=\"widget\" data-widget_type=\"pxl_text_editor.default\">\n\t\t\t\t<div class=\"elementor-widget-container\">\n\t\t\t\t\t<div class=\"pxl-text-editor default\">\n\t<div class=\"pxl-item--inner  \" data-wow-delay=\"ms\">\n\t\t<p>Kontakt din tildelte lege ved \u00e5 logge inn i systemet v\u00e5rt.<\/p>\n\t\t\n\t<\/div>\n<\/div>\t\t\t\t<\/div>\n\t\t\t\t<\/div>\n\t\t\t\t<div class=\"elementor-element elementor-element-f0c1cbb elementor-align-center ft-gt elementor-widget elementor-widget-pxl_button\" data-id=\"f0c1cbb\" data-element_type=\"widget\" data-e-type=\"widget\" data-widget_type=\"pxl_button.default\">\n\t\t\t\t<div class=\"elementor-widget-container\">\n\t\t\t\t\t<div id=\"pxl-pxl_button-f0c1cbb-3721\" class=\"pxl-button pxl-atc-link \" data-wow-delay=\"ms\">\r\n    <a href=\"https:\/\/app.anodynecare.io\" target=\"_blank\" class=\"btn  btn-glossy btn-default  bg-default inline pxl-icon--right\" data-wow-delay=\"ms\" data-target=\".pxl-page-popup-template-0\">\r\n                    <i aria-hidden=\"true\" class=\"flaticon flaticon-next\"><\/i>                        <span class=\"pxl--btn-text\" data-text=\"logg inn\">\r\n                        logg inn        <\/span>\r\n    <\/a>\r\n<\/div>\t\t\t\t<\/div>\n\t\t\t\t<\/div>\n\t\t            <\/div>\r\n        <\/div>\r\n                <div class=\"elementor-column elementor-col-33 elementor-inner-column elementor-element elementor-element-41ea95a hv-box1 animated-fast pxl-column-none pxl-column-overflow-hidden-no elementor-invisible\" data-id=\"41ea95a\" data-element_type=\"column\" data-e-type=\"column\" data-settings=\"{&quot;background_background&quot;:&quot;classic&quot;,&quot;animation&quot;:&quot;fadeInUp&quot;}\">\r\n        <div class=\"elementor-widget-wrap elementor-element-populated\">\r\n                     \r\n        \t\t<div class=\"elementor-element elementor-element-8067416 elementor-widget__width-auto elementor-widget elementor-widget-pxl_icon\" data-id=\"8067416\" data-element_type=\"widget\" data-e-type=\"widget\" data-widget_type=\"pxl_icon.default\">\n\t\t\t\t<div class=\"elementor-widget-container\">\n\t\t\t\t\t    <div class=\"pxl-icon-list pxl-icon1  style-2  \" data-wow-delay=\"ms\">\r\n                                    <a class=\"elementor-repeater-item-05e5707 \" >\r\n                                        <svg xmlns=\"http:\/\/www.w3.org\/2000\/svg\" fill=\"none\" height=\"32\" viewBox=\"0 0 32 32\" width=\"32\"><path d=\"m26 4h-3v-1c0-.26522-.1054-.51957-.2929-.70711-.1875-.18753-.4419-.29289-.7071-.29289s-.5196.10536-.7071.29289c-.1875.18754-.2929.44189-.2929.70711v1h-10v-1c0-.26522-.1054-.51957-.2929-.70711-.1875-.18753-.4419-.29289-.7071-.29289-.26522 0-.51957.10536-.70711.29289-.18753.18754-.29289.44189-.29289.70711v1h-3c-.53043 0-1.03914.21071-1.41421.58579-.37508.37507-.58579.88378-.58579 1.41421v20c0 .5304.21071 1.0391.58579 1.4142.37507.3751.88378.5858 1.41421.5858h20c.5304 0 1.0391-.2107 1.4142-.5858s.5858-.8838.5858-1.4142v-20c0-.53043-.2107-1.03914-.5858-1.41421-.3751-.37508-.8838-.58579-1.4142-.58579zm-4.8125 12.725-5.8375 5.5c-.0908.089-.1982.1591-.3162.2063s-.2442.0705-.3713.0687c-.2562.001-.5027-.0976-.6875-.275l-3.1625-3c-.1016-.0886-.1842-.1969-.2429-.3183-.0587-.1213-.0922-.2533-.0986-.388-.0063-.1346.0146-.2692.0615-.3956.047-.1263.119-.2419.2118-.3397s.2043-.1759.328-.2295.257-.0816.3918-.0824.2684.0257.3927.0778c.1243.0522.2368.129.3307.2257l2.475 2.35 5.15-4.85c.0944-.0917.2063-.1636.3289-.2115.1227-.0478.2536-.0707.3852-.0672.1317.0035.2612.0333.3812.0876.1199.0543.2278.132.3172.2286.1821.1924.2805.4492.2734.714-.007.2648-.1188.516-.3109.6985zm4.8125-6.725h-20v-4h3v1c0 .26522.10536.51957.29289.70711.18754.18753.44189.29289.70711.29289.2652 0 .5196-.10536.7071-.29289.1875-.18754.2929-.44189.2929-.70711v-1h10v1c0 .26522.1054.51957.2929.70711.1875.18753.4419.29289.7071.29289s.5196-.10536.7071-.29289c.1875-.18754.2929-.44189.2929-.70711v-1h3z\" fill=\"rgb(0,0,0)\"><\/path><\/svg>                                                        <\/a>\r\n                        <\/div>\r\n    \t\t\t\t<\/div>\n\t\t\t\t<\/div>\n\t\t\t\t<div class=\"elementor-element elementor-element-7d10fd7 elementor-widget elementor-widget-pxl_heading\" data-id=\"7d10fd7\" data-element_type=\"widget\" data-e-type=\"widget\" data-widget_type=\"pxl_heading.default\">\n\t\t\t\t<div class=\"elementor-widget-container\">\n\t\t\t\t\t\n<div id=\"pxl-pxl_heading-7d10fd7-1782\" class=\"pxl-heading px-sub-title-default-style \">\n\t<div class=\"pxl-heading--inner\">\n\t\t\n\t\t<h3 class=\"pxl-item--title style-default ft-gt highlight-default \" data-wow-delay=\"ms\">\n\t\t\t\t\tBestill en avtale\n\t\n\t\t\t\n\t\t<\/h3>\n\t\t\n\t<\/div>\n<\/div>\t\t\t\t<\/div>\n\t\t\t\t<\/div>\n\t\t\t\t<div class=\"elementor-element elementor-element-51193b5 elementor-widget elementor-widget-pxl_text_editor\" data-id=\"51193b5\" data-element_type=\"widget\" data-e-type=\"widget\" data-widget_type=\"pxl_text_editor.default\">\n\t\t\t\t<div class=\"elementor-widget-container\">\n\t\t\t\t\t<div class=\"pxl-text-editor default\">\n\t<div class=\"pxl-item--inner  \" data-wow-delay=\"ms\">\n\t\t<p>Bli kontaktet av en representant for \u00e5 bli pasient.<\/p>\n\t\t\n\t<\/div>\n<\/div>\t\t\t\t<\/div>\n\t\t\t\t<\/div>\n\t\t\t\t<div class=\"elementor-element elementor-element-7d5b779 elementor-align-center ft-gt elementor-widget elementor-widget-pxl_button\" data-id=\"7d5b779\" data-element_type=\"widget\" data-e-type=\"widget\" data-widget_type=\"pxl_button.default\">\n\t\t\t\t<div class=\"elementor-widget-container\">\n\t\t\t\t\t<div id=\"pxl-pxl_button-7d5b779-1925\" class=\"pxl-button pxl-atc-link \" data-wow-delay=\"ms\">\r\n    <a href=\"#ctasection\" class=\"btn  btn-glossy btn-default  bg-default inline pxl-icon--right\" data-wow-delay=\"ms\" data-target=\".pxl-page-popup-template-0\">\r\n                    <i aria-hidden=\"true\" class=\"flaticon flaticon-next\"><\/i>                        <span class=\"pxl--btn-text\" data-text=\"Bestill en avtale\">\r\n                        Bestill en avtale        <\/span>\r\n    <\/a>\r\n<\/div>\t\t\t\t<\/div>\n\t\t\t\t<\/div>\n\t\t            <\/div>\r\n        <\/div>\r\n        \t\t\t<\/div>\n\t\t<\/section>\n\t\t            <\/div>\r\n        <\/div>\r\n        \t\t\t<\/div>\n\t\t<\/section>\n\t\t\t\t<\/div>\n\t\t","protected":false},"excerpt":{"rendered":"<p>Kontakt Anodyne Care Hos Anodyne Care forvandler vi liv ved \u00e5 tilby tilgjengelig, personlig behandling av vedvarende smerter, andre relaterte smerter og behandling av kvalme. Din livskvalitet er v\u00e5r prioritet. E-postst\u00f8tte Du kan kontakte en representant via e-post hvis du har sp\u00f8rsm\u00e5l. info@anodynecare.io Logg inn p\u00e5 systemet v\u00e5rt Kontakt din tildelte lege ved \u00e5 logge [&hellip;]<\/p>\n","protected":false},"author":1,"featured_media":0,"parent":0,"menu_order":0,"comment_status":"closed","ping_status":"closed","template":"","meta":{"footnotes":""},"class_list":["post-15049","page","type-page","status-publish","hentry"],"yoast_head":"<!-- This site is optimized with the Yoast SEO plugin v27.4 - https:\/\/yoast.com\/product\/yoast-seo-wordpress\/ -->\n<title>Kontakt &#8226; Anodyne Care IO<\/title>\n<meta name=\"robots\" content=\"noindex, follow, max-snippet:-1, max-image-preview:large, max-video-preview:-1\" \/>\n<meta property=\"og:locale\" content=\"nb_NO\" \/>\n<meta property=\"og:type\" content=\"article\" \/>\n<meta property=\"og:title\" content=\"Kontakt &#8226; Anodyne Care IO\" \/>\n<meta property=\"og:description\" content=\"Kontakt Anodyne Care Hos Anodyne Care forvandler vi liv ved \u00e5 tilby tilgjengelig, personlig behandling av vedvarende smerter, andre relaterte smerter og behandling av kvalme. Din livskvalitet er v\u00e5r prioritet. E-postst\u00f8tte Du kan kontakte en representant via e-post hvis du har sp\u00f8rsm\u00e5l. info@anodynecare.io Logg inn p\u00e5 systemet v\u00e5rt Kontakt din tildelte lege ved \u00e5 logge [&hellip;]\" \/>\n<meta property=\"og:url\" content=\"https:\/\/anodynecare.io\/no\/kontakt\/\" \/>\n<meta property=\"og:site_name\" content=\"Anodyne Care IO\" \/>\n<meta property=\"article:modified_time\" content=\"2026-04-16T12:15:54+00:00\" \/>\n<meta name=\"twitter:card\" content=\"summary_large_image\" \/>\n<script type=\"application\/ld+json\" class=\"yoast-schema-graph\">{\"@context\":\"https:\\\/\\\/schema.org\",\"@graph\":[{\"@type\":\"WebPage\",\"@id\":\"https:\\\/\\\/anodynecare.io\\\/no\\\/kontakt\\\/\",\"url\":\"https:\\\/\\\/anodynecare.io\\\/no\\\/kontakt\\\/\",\"name\":\"Kontakt &#8226; Anodyne Care IO\",\"isPartOf\":{\"@id\":\"https:\\\/\\\/anodynecare.io\\\/no\\\/#website\"},\"datePublished\":\"2024-07-18T15:05:04+00:00\",\"dateModified\":\"2026-04-16T12:15:54+00:00\",\"breadcrumb\":{\"@id\":\"https:\\\/\\\/anodynecare.io\\\/no\\\/kontakt\\\/#breadcrumb\"},\"inLanguage\":\"nb-NO\",\"potentialAction\":[{\"@type\":\"ReadAction\",\"target\":[\"https:\\\/\\\/anodynecare.io\\\/no\\\/kontakt\\\/\"]}]},{\"@type\":\"BreadcrumbList\",\"@id\":\"https:\\\/\\\/anodynecare.io\\\/no\\\/kontakt\\\/#breadcrumb\",\"itemListElement\":[{\"@type\":\"ListItem\",\"position\":1,\"name\":\"Hjem\",\"item\":\"https:\\\/\\\/anodynecare.io\\\/no\\\/\"},{\"@type\":\"ListItem\",\"position\":2,\"name\":\"Kontakt\"}]},{\"@type\":\"WebSite\",\"@id\":\"https:\\\/\\\/anodynecare.io\\\/no\\\/#website\",\"url\":\"https:\\\/\\\/anodynecare.io\\\/no\\\/\",\"name\":\"Anodyne Care IO\",\"description\":\"\",\"publisher\":{\"@id\":\"https:\\\/\\\/anodynecare.io\\\/no\\\/#organization\"},\"potentialAction\":[{\"@type\":\"SearchAction\",\"target\":{\"@type\":\"EntryPoint\",\"urlTemplate\":\"https:\\\/\\\/anodynecare.io\\\/no\\\/?s={search_term_string}\"},\"query-input\":{\"@type\":\"PropertyValueSpecification\",\"valueRequired\":true,\"valueName\":\"search_term_string\"}}],\"inLanguage\":\"nb-NO\"},{\"@type\":\"Organization\",\"@id\":\"https:\\\/\\\/anodynecare.io\\\/no\\\/#organization\",\"name\":\"Anodyne Care\",\"url\":\"https:\\\/\\\/anodynecare.io\\\/no\\\/\",\"logo\":{\"@type\":\"ImageObject\",\"inLanguage\":\"nb-NO\",\"@id\":\"https:\\\/\\\/anodynecare.io\\\/no\\\/#\\\/schema\\\/logo\\\/image\\\/\",\"url\":\"https:\\\/\\\/anodynecare.io\\\/wp-content\\\/uploads\\\/2026\\\/03\\\/AnodyneCare_logo.svg\",\"contentUrl\":\"https:\\\/\\\/anodynecare.io\\\/wp-content\\\/uploads\\\/2026\\\/03\\\/AnodyneCare_logo.svg\",\"width\":1,\"height\":1,\"caption\":\"Anodyne Care\"},\"image\":{\"@id\":\"https:\\\/\\\/anodynecare.io\\\/no\\\/#\\\/schema\\\/logo\\\/image\\\/\"}}]}<\/script>\n<!-- \/ Yoast SEO plugin. -->","yoast_head_json":{"title":"Kontakt &#8226; Anodyne Care IO","robots":{"index":"noindex","follow":"follow","max-snippet":"max-snippet:-1","max-image-preview":"max-image-preview:large","max-video-preview":"max-video-preview:-1"},"og_locale":"nb_NO","og_type":"article","og_title":"Kontakt &#8226; Anodyne Care IO","og_description":"Kontakt Anodyne Care Hos Anodyne Care forvandler vi liv ved \u00e5 tilby tilgjengelig, personlig behandling av vedvarende smerter, andre relaterte smerter og behandling av kvalme. Din livskvalitet er v\u00e5r prioritet. E-postst\u00f8tte Du kan kontakte en representant via e-post hvis du har sp\u00f8rsm\u00e5l. info@anodynecare.io Logg inn p\u00e5 systemet v\u00e5rt Kontakt din tildelte lege ved \u00e5 logge [&hellip;]","og_url":"https:\/\/anodynecare.io\/no\/kontakt\/","og_site_name":"Anodyne Care IO","article_modified_time":"2026-04-16T12:15:54+00:00","twitter_card":"summary_large_image","schema":{"@context":"https:\/\/schema.org","@graph":[{"@type":"WebPage","@id":"https:\/\/anodynecare.io\/no\/kontakt\/","url":"https:\/\/anodynecare.io\/no\/kontakt\/","name":"Kontakt &#8226; Anodyne Care IO","isPartOf":{"@id":"https:\/\/anodynecare.io\/no\/#website"},"datePublished":"2024-07-18T15:05:04+00:00","dateModified":"2026-04-16T12:15:54+00:00","breadcrumb":{"@id":"https:\/\/anodynecare.io\/no\/kontakt\/#breadcrumb"},"inLanguage":"nb-NO","potentialAction":[{"@type":"ReadAction","target":["https:\/\/anodynecare.io\/no\/kontakt\/"]}]},{"@type":"BreadcrumbList","@id":"https:\/\/anodynecare.io\/no\/kontakt\/#breadcrumb","itemListElement":[{"@type":"ListItem","position":1,"name":"Hjem","item":"https:\/\/anodynecare.io\/no\/"},{"@type":"ListItem","position":2,"name":"Kontakt"}]},{"@type":"WebSite","@id":"https:\/\/anodynecare.io\/no\/#website","url":"https:\/\/anodynecare.io\/no\/","name":"Anodyne Care IO","description":"","publisher":{"@id":"https:\/\/anodynecare.io\/no\/#organization"},"potentialAction":[{"@type":"SearchAction","target":{"@type":"EntryPoint","urlTemplate":"https:\/\/anodynecare.io\/no\/?s={search_term_string}"},"query-input":{"@type":"PropertyValueSpecification","valueRequired":true,"valueName":"search_term_string"}}],"inLanguage":"nb-NO"},{"@type":"Organization","@id":"https:\/\/anodynecare.io\/no\/#organization","name":"Anodyne Care","url":"https:\/\/anodynecare.io\/no\/","logo":{"@type":"ImageObject","inLanguage":"nb-NO","@id":"https:\/\/anodynecare.io\/no\/#\/schema\/logo\/image\/","url":"https:\/\/anodynecare.io\/wp-content\/uploads\/2026\/03\/AnodyneCare_logo.svg","contentUrl":"https:\/\/anodynecare.io\/wp-content\/uploads\/2026\/03\/AnodyneCare_logo.svg","width":1,"height":1,"caption":"Anodyne Care"},"image":{"@id":"https:\/\/anodynecare.io\/no\/#\/schema\/logo\/image\/"}}]}},"_links":{"self":[{"href":"https:\/\/anodynecare.io\/no\/wp-json\/wp\/v2\/pages\/15049","targetHints":{"allow":["GET"]}}],"collection":[{"href":"https:\/\/anodynecare.io\/no\/wp-json\/wp\/v2\/pages"}],"about":[{"href":"https:\/\/anodynecare.io\/no\/wp-json\/wp\/v2\/types\/page"}],"author":[{"embeddable":true,"href":"https:\/\/anodynecare.io\/no\/wp-json\/wp\/v2\/users\/1"}],"replies":[{"embeddable":true,"href":"https:\/\/anodynecare.io\/no\/wp-json\/wp\/v2\/comments?post=15049"}],"version-history":[{"count":3,"href":"https:\/\/anodynecare.io\/no\/wp-json\/wp\/v2\/pages\/15049\/revisions"}],"predecessor-version":[{"id":15694,"href":"https:\/\/anodynecare.io\/no\/wp-json\/wp\/v2\/pages\/15049\/revisions\/15694"}],"wp:attachment":[{"href":"https:\/\/anodynecare.io\/no\/wp-json\/wp\/v2\/media?parent=15049"}],"curies":[{"name":"wp","href":"https:\/\/api.w.org\/{rel}","templated":true}]}}