{"id":15552,"date":"2026-04-16T09:48:31","date_gmt":"2026-04-16T08:48:31","guid":{"rendered":"https:\/\/anodynecare.io\/faq\/"},"modified":"2026-04-16T15:52:42","modified_gmt":"2026-04-16T14:52:42","slug":"faq","status":"publish","type":"page","link":"https:\/\/anodynecare.io\/da\/faq\/","title":{"rendered":"FAQ"},"content":{"rendered":"\t\t<div data-elementor-type=\"wp-page\" data-elementor-id=\"15552\" class=\"elementor elementor-15552 elementor-15517\">\n\t\t\t\t        <section class=\"elementor-section elementor-top-section elementor-element elementor-element-878c0ce elementor-section-stretched animated-fast elementor-section-boxed elementor-section-height-default elementor-section-height-default pxl-row-scroll-none pxl-zoom-point-false pxl-section-overflow-visible elementor-invisible\" data-id=\"878c0ce\" data-element_type=\"section\" data-e-type=\"section\" data-settings=\"{&quot;stretch_section&quot;:&quot;section-stretched&quot;,&quot;background_background&quot;:&quot;classic&quot;,&quot;animation&quot;:&quot;fadeIn&quot;}\">\n\n                \n                <div class=\"elementor-container elementor-column-gap-default \">\n                <div class=\"elementor-column elementor-col-100 elementor-top-column elementor-element elementor-element-46e76b66 pxl-column-none pxl-column-overflow-hidden-no\" data-id=\"46e76b66\" data-element_type=\"column\" data-e-type=\"column\">\r\n        <div class=\"elementor-widget-wrap elementor-element-populated\">\r\n                     \r\n                <section class=\"elementor-section elementor-inner-section elementor-element elementor-element-6d32e58a elementor-section-boxed elementor-section-height-default elementor-section-height-default pxl-row-scroll-none pxl-zoom-point-false pxl-section-overflow-visible\" data-id=\"6d32e58a\" data-element_type=\"section\" data-e-type=\"section\">\n\n                \n                <div class=\"elementor-container elementor-column-gap-extended \">\n                <div class=\"elementor-column elementor-col-100 elementor-inner-column elementor-element elementor-element-39a2774b pxl-column-none pxl-column-overflow-hidden-no\" data-id=\"39a2774b\" data-element_type=\"column\" data-e-type=\"column\">\r\n        <div class=\"elementor-widget-wrap elementor-element-populated\">\r\n                     \r\n        \t\t<div class=\"elementor-element elementor-element-7760e78 ft-gt elementor-widget elementor-widget-pxl_heading\" data-id=\"7760e78\" data-element_type=\"widget\" data-e-type=\"widget\" data-widget_type=\"pxl_heading.default\">\n\t\t\t\t<div class=\"elementor-widget-container\">\n\t\t\t\t\t\n<div id=\"pxl-pxl_heading-7760e78-3332\" class=\"pxl-heading px-sub-title-default-style \">\n\t<div class=\"pxl-heading--inner\">\n\t\t\n\t\t<h3 class=\"pxl-item--title style-default  highlight-default pxl-split-text split-in-fade\" data-wow-delay=\"ms\">\n\t\t\t\t\tOfte stillede sp\u00f8rgsm\u00e5l \t\n\t\t\t\n\t\t<\/h3>\n\t\t\n\t<\/div>\n<\/div>\t\t\t\t<\/div>\n\t\t\t\t<\/div>\n\t\t\t\t<div class=\"elementor-element elementor-element-5ba97b elementor-widget elementor-widget-spacer\" data-id=\"5ba97b\" data-element_type=\"widget\" data-e-type=\"widget\" data-widget_type=\"spacer.default\">\n\t\t\t\t\t\t\t<div class=\"elementor-spacer\">\n\t\t\t<div class=\"elementor-spacer-inner\"><\/div>\n\t\t<\/div>\n\t\t\t\t\t\t<\/div>\n\t\t\t\t<div class=\"elementor-element elementor-element-38703e60 elementor-widget__width-auto elementor-widget-tablet__width-inherit elementor-widget elementor-widget-pxl_text_editor\" data-id=\"38703e60\" data-element_type=\"widget\" data-e-type=\"widget\" data-widget_type=\"pxl_text_editor.default\">\n\t\t\t\t<div class=\"elementor-widget-container\">\n\t\t\t\t\t<div class=\"pxl-text-editor default\">\n\t<div class=\"pxl-item--inner  \" data-wow-delay=\"ms\">\n\t\t<p>Du har m\u00e5ske nogle sp\u00f8rgsm\u00e5l, s\u00e5 derfor har vi samlet de mest stillede sp\u00f8rgsm\u00e5l p\u00e5 denne side.<\/p>\n\t\t\n\t<\/div>\n<\/div>\t\t\t\t<\/div>\n\t\t\t\t<\/div>\n\t\t\t\t<div class=\"elementor-element elementor-element-2041c1c elementor-widget elementor-widget-pxl_accordion\" data-id=\"2041c1c\" data-element_type=\"widget\" data-e-type=\"widget\" data-widget_type=\"pxl_accordion.default\">\n\t\t\t\t<div class=\"elementor-widget-container\">\n\t\t\t\t\t    <div class=\"pxl-accordion pxl-accordion1 style1 \" data-wow-delay=\"ms\">\r\n                    <div class=\"pxl--item   \">\r\n                                \r\n                <p class=\"pxl-accordion--title\" data-target=\"#pxl_accordion-2041c1c-4676-98960d6\">\r\n                                <span class=\"pxl-title--text pxl-pr-20\">Hvordan ved jeg, om Anodyne Care tilbyder noget, der ville fungere for mig?<\/span>\r\n\r\n                <i class=\"pxl-icon--plus pxl-r-9\"><\/i> \r\n\r\n                \r\n                <\/p>\r\n                <div id=\"pxl_accordion-2041c1c-4676-98960d6\" class=\"pxl-accordion--content\" >\r\n                    Hvis du oplever vedvarende smerte, der p\u00e5virker dit daglige liv, kan vores team st\u00f8tte dig. Udfyld vores screening, s\u00e5 vi kan forst\u00e5 dine behov.                 <\/div>\r\n                                            <\/div>\r\n                    <div class=\"pxl--item   \">\r\n                                \r\n                <p class=\"pxl-accordion--title\" data-target=\"#pxl_accordion-2041c1c-4676-3f192d4\">\r\n                                <span class=\"pxl-title--text pxl-pr-20\">Skal jeg have en henvisning?<\/span>\r\n\r\n                <i class=\"pxl-icon--plus pxl-r-9\"><\/i> \r\n\r\n                \r\n                <\/p>\r\n                <div id=\"pxl_accordion-2041c1c-4676-3f192d4\" class=\"pxl-accordion--content\" >\r\n                    Nej. Du kan booke en konsultation direkte. Hvis du allerede har et behandlingsteam, kan vores l\u00e6ger st\u00f8tte din eksisterende behandlingsplan.                  <\/div>\r\n                                            <\/div>\r\n                    <div class=\"pxl--item   \">\r\n                                \r\n                <p class=\"pxl-accordion--title\" data-target=\"#pxl_accordion-2041c1c-4676-252a084\">\r\n                                <span class=\"pxl-title--text pxl-pr-20\">Kan konsultationen foreg\u00e5 online?<\/span>\r\n\r\n                <i class=\"pxl-icon--plus pxl-r-9\"><\/i> \r\n\r\n                \r\n                <\/p>\r\n                <div id=\"pxl_accordion-2041c1c-4676-252a084\" class=\"pxl-accordion--content\" >\r\n                    Ja. Du kan v\u00e6lge at m\u00f8de din l\u00e6ge online eller personligt, alt efter hvad der fungerer bedst for dig.                 <\/div>\r\n                                            <\/div>\r\n                    <div class=\"pxl--item   \">\r\n                                \r\n                <p class=\"pxl-accordion--title\" data-target=\"#pxl_accordion-2041c1c-4676-b8144ba\">\r\n                                <span class=\"pxl-title--text pxl-pr-20\">Hvad sker der under min f\u00f8rste aftale?<\/span>\r\n\r\n                <i class=\"pxl-icon--plus pxl-r-9\"><\/i> \r\n\r\n                \r\n                <\/p>\r\n                <div id=\"pxl_accordion-2041c1c-4676-b8144ba\" class=\"pxl-accordion--content\" >\r\n                    Du vil m\u00f8de en l\u00e6ge, der vil tage sig tid til at forst\u00e5 dine symptomer, medicinske historie og m\u00e5l. Sammen vil I dr\u00f8fte mulige strategier og vurdere, hvilken type plan der passer bedst til dig.                 <\/div>\r\n                                            <\/div>\r\n                    <div class=\"pxl--item   \">\r\n                                \r\n                <p class=\"pxl-accordion--title\" data-target=\"#pxl_accordion-2041c1c-4676-f3b13b3\">\r\n                                <span class=\"pxl-title--text pxl-pr-20\">Hvad sker der, efter jeg har booket?<\/span>\r\n\r\n                <i class=\"pxl-icon--plus pxl-r-9\"><\/i> \r\n\r\n                \r\n                <\/p>\r\n                <div id=\"pxl_accordion-2041c1c-4676-f3b13b3\" class=\"pxl-accordion--content\" >\r\n                    Efter booking vil du modtage adgang til en sikker portal, hvor du kan uploade relevante medicinske oplysninger. Dette hj\u00e6lper din l\u00e6ge med at forberede sig og sikrer, at din konsultation er fokuseret p\u00e5 dine behov.                 <\/div>\r\n                                            <\/div>\r\n                    <div class=\"pxl--item   \">\r\n                                \r\n                <p class=\"pxl-accordion--title\" data-target=\"#pxl_accordion-2041c1c-4676-4a226d1\">\r\n                                <span class=\"pxl-title--text pxl-pr-20\">Hvem betaler for tjenesterne fra Anodyne Care?<\/span>\r\n\r\n                <i class=\"pxl-icon--plus pxl-r-9\"><\/i> \r\n\r\n                \r\n                <\/p>\r\n                <div id=\"pxl_accordion-2041c1c-4676-4a226d1\" class=\"pxl-accordion--content\" >\r\n                    Mange har en privat sygeforsikring, og du b\u00f8r helt sikkert tjekke med dem. I nogle tilf\u00e6lde kan du ogs\u00e5 v\u00e6re i stand til at f\u00e5 en delvis refundering gennem det offentlige sundhedssystem. Dog skal du typisk betale vores gebyrer. Vi arbejder p\u00e5 at kunne tilbyde betalingsplaner og m\u00e5nedlige abonnementsplaner for at hj\u00e6lpe dig med at sprede omkostningerne over tid.                   <\/div>\r\n                                            <\/div>\r\n                    <div class=\"pxl--item   \">\r\n                                \r\n                <p class=\"pxl-accordion--title\" data-target=\"#pxl_accordion-2041c1c-4676-270b63f\">\r\n                                <span class=\"pxl-title--text pxl-pr-20\">Hvad er forskellen mellem Anodyne Care og andre smerteklinikker?<\/span>\r\n\r\n                <i class=\"pxl-icon--plus pxl-r-9\"><\/i> \r\n\r\n                \r\n                <\/p>\r\n                <div id=\"pxl_accordion-2041c1c-4676-270b63f\" class=\"pxl-accordion--content\" >\r\n                    H\u00f8j tilg\u00e6ngelighed for patienter og en meget h\u00f8j grad af medicinsk kvalitet er kernen i vores mission. Vi tilbyder en h\u00f8j grad af onlinekonsultationer, da vi ved, at dette ogs\u00e5 im\u00f8dekommer behovet for mange patienter. Vi tilbyder dog ogs\u00e5 fysiske konsultationer efter behov.                  <\/div>\r\n                                            <\/div>\r\n                    <div class=\"pxl--item   \">\r\n                                \r\n                <p class=\"pxl-accordion--title\" data-target=\"#pxl_accordion-2041c1c-4676-e21f6c2\">\r\n                                <span class=\"pxl-title--text pxl-pr-20\">Hvad for en virksomhed er Anodyne Care?<\/span>\r\n\r\n                <i class=\"pxl-icon--plus pxl-r-9\"><\/i> \r\n\r\n                \r\n                <\/p>\r\n                <div id=\"pxl_accordion-2041c1c-4676-e21f6c2\" class=\"pxl-accordion--content\" >\r\n                    Anodyne Care er en privat sundhedsudbyder, der er grundlagt af l\u00e6ger og drives af l\u00e6ger og andre fagfolk med mange \u00e5rs erfaring inden for sundhedssektoren. Vi er en skandinavisk virksomhed med ambitionen om at tilbyde Anodyne Care-tjenester transnationalt i Europa. Lige nu engagerer vi os i markederne i Norge, Sverige og Danmark.                  <\/div>\r\n                                            <\/div>\r\n                    <div class=\"pxl--item   \">\r\n                                \r\n                <p class=\"pxl-accordion--title\" data-target=\"#pxl_accordion-2041c1c-4676-2d2e324\">\r\n                                <span class=\"pxl-title--text pxl-pr-20\">Skal jeg fort\u00e6lle min praktiserende l\u00e6ge eller hospitalsafdeling om Anodyne Care?<\/span>\r\n\r\n                <i class=\"pxl-icon--plus pxl-r-9\"><\/i> \r\n\r\n                \r\n                <\/p>\r\n                <div id=\"pxl_accordion-2041c1c-4676-2d2e324\" class=\"pxl-accordion--content\" >\r\n                    N\u00e5r du bliver patient hos Anodyne Care, opfordrer vi dig \u2013 og ved din accept ogs\u00e5 os \u2013 til at kommunikere med din praktiserende l\u00e6ge eller hospitalspecialist for at koordinere indsatsen omkring dig med det f\u00e6lles m\u00e5l at forbedre din livskvalitet. Dette vil v\u00e6re en del af vores samtale med dig under konsultationerne.                 <\/div>\r\n                                            <\/div>\r\n            <\/div>\r\n    \t\t\t\t<\/div>\n\t\t\t\t<\/div>\n\t\t\t\t<div class=\"elementor-element elementor-element-1a19d615 elementor-widget elementor-widget-spacer\" data-id=\"1a19d615\" data-element_type=\"widget\" data-e-type=\"widget\" data-widget_type=\"spacer.default\">\n\t\t\t\t\t\t\t<div class=\"elementor-spacer\">\n\t\t\t<div class=\"elementor-spacer-inner\"><\/div>\n\t\t<\/div>\n\t\t\t\t\t\t<\/div>\n\t\t            <\/div>\r\n        <\/div>\r\n        \t\t\t<\/div>\n\t\t<\/section>\n\t\t            <\/div>\r\n        <\/div>\r\n        \t\t\t<\/div>\n\t\t<\/section>\n\t\t\t\t<\/div>\n\t\t","protected":false},"excerpt":{"rendered":"<p>Ofte stillede sp\u00f8rgsm\u00e5l Du har m\u00e5ske nogle sp\u00f8rgsm\u00e5l, s\u00e5 derfor har vi samlet de mest stillede sp\u00f8rgsm\u00e5l p\u00e5 denne side. Hvordan ved jeg, om Anodyne Care tilbyder noget, der ville fungere for mig? Hvis du oplever vedvarende smerte, der p\u00e5virker dit daglige liv, kan vores team st\u00f8tte dig. Udfyld vores screening, s\u00e5 vi kan forst\u00e5 [&hellip;]<\/p>\n","protected":false},"author":1,"featured_media":0,"parent":0,"menu_order":0,"comment_status":"closed","ping_status":"closed","template":"","meta":{"footnotes":""},"class_list":["post-15552","page","type-page","status-publish","hentry"],"yoast_head":"<!-- This site is optimized with the Yoast SEO plugin v27.4 - https:\/\/yoast.com\/product\/yoast-seo-wordpress\/ -->\n<title>Ofte stillede sp\u00f8rgsm\u00e5l - Anodyne Care<\/title>\n<meta name=\"robots\" content=\"noindex, follow, max-snippet:-1, max-image-preview:large, max-video-preview:-1\" \/>\n<meta property=\"og:locale\" content=\"da_DK\" \/>\n<meta property=\"og:type\" content=\"article\" \/>\n<meta property=\"og:title\" content=\"Ofte stillede sp\u00f8rgsm\u00e5l - Anodyne Care\" \/>\n<meta property=\"og:description\" content=\"Ofte stillede sp\u00f8rgsm\u00e5l Du har m\u00e5ske nogle sp\u00f8rgsm\u00e5l, s\u00e5 derfor har vi samlet de mest stillede sp\u00f8rgsm\u00e5l p\u00e5 denne side. Hvordan ved jeg, om Anodyne Care tilbyder noget, der ville fungere for mig? Hvis du oplever vedvarende smerte, der p\u00e5virker dit daglige liv, kan vores team st\u00f8tte dig. Udfyld vores screening, s\u00e5 vi kan forst\u00e5 [&hellip;]\" \/>\n<meta property=\"og:url\" content=\"https:\/\/anodynecare.io\/da\/faq\/\" \/>\n<meta property=\"og:site_name\" content=\"Anodyne Care IO\" \/>\n<meta property=\"article:modified_time\" content=\"2026-04-16T14:52:42+00:00\" \/>\n<meta name=\"twitter:card\" content=\"summary_large_image\" \/>\n<script type=\"application\/ld+json\" class=\"yoast-schema-graph\">{\"@context\":\"https:\\\/\\\/schema.org\",\"@graph\":[{\"@type\":\"WebPage\",\"@id\":\"https:\\\/\\\/anodynecare.io\\\/da\\\/faq\\\/\",\"url\":\"https:\\\/\\\/anodynecare.io\\\/da\\\/faq\\\/\",\"name\":\"Ofte stillede sp\u00f8rgsm\u00e5l - Anodyne Care\",\"isPartOf\":{\"@id\":\"https:\\\/\\\/anodynecare.io\\\/da\\\/#website\"},\"datePublished\":\"2026-04-16T08:48:31+00:00\",\"dateModified\":\"2026-04-16T14:52:42+00:00\",\"breadcrumb\":{\"@id\":\"https:\\\/\\\/anodynecare.io\\\/da\\\/faq\\\/#breadcrumb\"},\"inLanguage\":\"da-DK\",\"potentialAction\":[{\"@type\":\"ReadAction\",\"target\":[\"https:\\\/\\\/anodynecare.io\\\/da\\\/faq\\\/\"]}]},{\"@type\":\"BreadcrumbList\",\"@id\":\"https:\\\/\\\/anodynecare.io\\\/da\\\/faq\\\/#breadcrumb\",\"itemListElement\":[{\"@type\":\"ListItem\",\"position\":1,\"name\":\"Hjem\",\"item\":\"https:\\\/\\\/anodynecare.io\\\/da\\\/\"},{\"@type\":\"ListItem\",\"position\":2,\"name\":\"FAQ\"}]},{\"@type\":\"WebSite\",\"@id\":\"https:\\\/\\\/anodynecare.io\\\/da\\\/#website\",\"url\":\"https:\\\/\\\/anodynecare.io\\\/da\\\/\",\"name\":\"Anodyne Care IO\",\"description\":\"\",\"publisher\":{\"@id\":\"https:\\\/\\\/anodynecare.io\\\/da\\\/#organization\"},\"potentialAction\":[{\"@type\":\"SearchAction\",\"target\":{\"@type\":\"EntryPoint\",\"urlTemplate\":\"https:\\\/\\\/anodynecare.io\\\/da\\\/?s={search_term_string}\"},\"query-input\":{\"@type\":\"PropertyValueSpecification\",\"valueRequired\":true,\"valueName\":\"search_term_string\"}}],\"inLanguage\":\"da-DK\"},{\"@type\":\"Organization\",\"@id\":\"https:\\\/\\\/anodynecare.io\\\/da\\\/#organization\",\"name\":\"Anodyne Care\",\"url\":\"https:\\\/\\\/anodynecare.io\\\/da\\\/\",\"logo\":{\"@type\":\"ImageObject\",\"inLanguage\":\"da-DK\",\"@id\":\"https:\\\/\\\/anodynecare.io\\\/da\\\/#\\\/schema\\\/logo\\\/image\\\/\",\"url\":\"https:\\\/\\\/anodynecare.io\\\/wp-content\\\/uploads\\\/2026\\\/03\\\/AnodyneCare_logo.svg\",\"contentUrl\":\"https:\\\/\\\/anodynecare.io\\\/wp-content\\\/uploads\\\/2026\\\/03\\\/AnodyneCare_logo.svg\",\"width\":1,\"height\":1,\"caption\":\"Anodyne Care\"},\"image\":{\"@id\":\"https:\\\/\\\/anodynecare.io\\\/da\\\/#\\\/schema\\\/logo\\\/image\\\/\"}}]}<\/script>\n<!-- \/ Yoast SEO plugin. -->","yoast_head_json":{"title":"Ofte stillede sp\u00f8rgsm\u00e5l - Anodyne Care","robots":{"index":"noindex","follow":"follow","max-snippet":"max-snippet:-1","max-image-preview":"max-image-preview:large","max-video-preview":"max-video-preview:-1"},"og_locale":"da_DK","og_type":"article","og_title":"Ofte stillede sp\u00f8rgsm\u00e5l - Anodyne Care","og_description":"Ofte stillede sp\u00f8rgsm\u00e5l Du har m\u00e5ske nogle sp\u00f8rgsm\u00e5l, s\u00e5 derfor har vi samlet de mest stillede sp\u00f8rgsm\u00e5l p\u00e5 denne side. Hvordan ved jeg, om Anodyne Care tilbyder noget, der ville fungere for mig? Hvis du oplever vedvarende smerte, der p\u00e5virker dit daglige liv, kan vores team st\u00f8tte dig. Udfyld vores screening, s\u00e5 vi kan forst\u00e5 [&hellip;]","og_url":"https:\/\/anodynecare.io\/da\/faq\/","og_site_name":"Anodyne Care IO","article_modified_time":"2026-04-16T14:52:42+00:00","twitter_card":"summary_large_image","schema":{"@context":"https:\/\/schema.org","@graph":[{"@type":"WebPage","@id":"https:\/\/anodynecare.io\/da\/faq\/","url":"https:\/\/anodynecare.io\/da\/faq\/","name":"Ofte stillede sp\u00f8rgsm\u00e5l - Anodyne Care","isPartOf":{"@id":"https:\/\/anodynecare.io\/da\/#website"},"datePublished":"2026-04-16T08:48:31+00:00","dateModified":"2026-04-16T14:52:42+00:00","breadcrumb":{"@id":"https:\/\/anodynecare.io\/da\/faq\/#breadcrumb"},"inLanguage":"da-DK","potentialAction":[{"@type":"ReadAction","target":["https:\/\/anodynecare.io\/da\/faq\/"]}]},{"@type":"BreadcrumbList","@id":"https:\/\/anodynecare.io\/da\/faq\/#breadcrumb","itemListElement":[{"@type":"ListItem","position":1,"name":"Hjem","item":"https:\/\/anodynecare.io\/da\/"},{"@type":"ListItem","position":2,"name":"FAQ"}]},{"@type":"WebSite","@id":"https:\/\/anodynecare.io\/da\/#website","url":"https:\/\/anodynecare.io\/da\/","name":"Anodyne Care IO","description":"","publisher":{"@id":"https:\/\/anodynecare.io\/da\/#organization"},"potentialAction":[{"@type":"SearchAction","target":{"@type":"EntryPoint","urlTemplate":"https:\/\/anodynecare.io\/da\/?s={search_term_string}"},"query-input":{"@type":"PropertyValueSpecification","valueRequired":true,"valueName":"search_term_string"}}],"inLanguage":"da-DK"},{"@type":"Organization","@id":"https:\/\/anodynecare.io\/da\/#organization","name":"Anodyne Care","url":"https:\/\/anodynecare.io\/da\/","logo":{"@type":"ImageObject","inLanguage":"da-DK","@id":"https:\/\/anodynecare.io\/da\/#\/schema\/logo\/image\/","url":"https:\/\/anodynecare.io\/wp-content\/uploads\/2026\/03\/AnodyneCare_logo.svg","contentUrl":"https:\/\/anodynecare.io\/wp-content\/uploads\/2026\/03\/AnodyneCare_logo.svg","width":1,"height":1,"caption":"Anodyne Care"},"image":{"@id":"https:\/\/anodynecare.io\/da\/#\/schema\/logo\/image\/"}}]}},"_links":{"self":[{"href":"https:\/\/anodynecare.io\/da\/wp-json\/wp\/v2\/pages\/15552","targetHints":{"allow":["GET"]}}],"collection":[{"href":"https:\/\/anodynecare.io\/da\/wp-json\/wp\/v2\/pages"}],"about":[{"href":"https:\/\/anodynecare.io\/da\/wp-json\/wp\/v2\/types\/page"}],"author":[{"embeddable":true,"href":"https:\/\/anodynecare.io\/da\/wp-json\/wp\/v2\/users\/1"}],"replies":[{"embeddable":true,"href":"https:\/\/anodynecare.io\/da\/wp-json\/wp\/v2\/comments?post=15552"}],"version-history":[{"count":6,"href":"https:\/\/anodynecare.io\/da\/wp-json\/wp\/v2\/pages\/15552\/revisions"}],"predecessor-version":[{"id":15747,"href":"https:\/\/anodynecare.io\/da\/wp-json\/wp\/v2\/pages\/15552\/revisions\/15747"}],"wp:attachment":[{"href":"https:\/\/anodynecare.io\/da\/wp-json\/wp\/v2\/media?parent=15552"}],"curies":[{"name":"wp","href":"https:\/\/api.w.org\/{rel}","templated":true}]}}