{"id":15117,"date":"2026-04-13T10:29:25","date_gmt":"2026-04-13T09:29:25","guid":{"rendered":"https:\/\/anodynecare.io\/samtykkeerklaering\/"},"modified":"2026-04-13T11:03:37","modified_gmt":"2026-04-13T10:03:37","slug":"samtykkeerklaering","status":"publish","type":"page","link":"https:\/\/anodynecare.io\/da\/samtykkeerklaering\/","title":{"rendered":"Samtykkeerkl\u00e6ring"},"content":{"rendered":"\t\t<div data-elementor-type=\"wp-page\" data-elementor-id=\"15117\" class=\"elementor elementor-15117 elementor-15108\">\n\t\t\t\t        <section class=\"elementor-section elementor-top-section elementor-element elementor-element-5195cb23 elementor-section-stretched animated-fast elementor-section-boxed elementor-section-height-default elementor-section-height-default pxl-row-scroll-none pxl-zoom-point-false pxl-section-overflow-visible elementor-invisible\" data-id=\"5195cb23\" data-element_type=\"section\" data-e-type=\"section\" data-settings=\"{&quot;stretch_section&quot;:&quot;section-stretched&quot;,&quot;background_background&quot;:&quot;classic&quot;,&quot;animation&quot;:&quot;fadeIn&quot;}\">\n\n                \n                <div class=\"elementor-container elementor-column-gap-default \">\n                <div class=\"elementor-column elementor-col-100 elementor-top-column elementor-element elementor-element-78b52964 pxl-column-none pxl-column-overflow-hidden-no\" data-id=\"78b52964\" data-element_type=\"column\" data-e-type=\"column\">\r\n        <div class=\"elementor-widget-wrap elementor-element-populated\">\r\n                     \r\n                <section class=\"elementor-section elementor-inner-section elementor-element elementor-element-294fb0d3 elementor-section-boxed elementor-section-height-default elementor-section-height-default pxl-row-scroll-none pxl-zoom-point-false pxl-section-overflow-visible\" data-id=\"294fb0d3\" data-element_type=\"section\" data-e-type=\"section\">\n\n                \n                <div class=\"elementor-container elementor-column-gap-extended \">\n                <div class=\"elementor-column elementor-col-100 elementor-inner-column elementor-element elementor-element-12177665 pxl-column-none pxl-column-overflow-hidden-no\" data-id=\"12177665\" data-element_type=\"column\" data-e-type=\"column\">\r\n        <div class=\"elementor-widget-wrap elementor-element-populated\">\r\n                     \r\n        \t\t<div class=\"elementor-element elementor-element-39d1d46b ft-gt elementor-widget elementor-widget-pxl_heading\" data-id=\"39d1d46b\" data-element_type=\"widget\" data-e-type=\"widget\" data-widget_type=\"pxl_heading.default\">\n\t\t\t\t<div class=\"elementor-widget-container\">\n\t\t\t\t\t\n<div id=\"pxl-pxl_heading-39d1d46b-3944\" class=\"pxl-heading px-sub-title-default-style \">\n\t<div class=\"pxl-heading--inner\">\n\t\t\n\t\t<h1 class=\"pxl-item--title style-default  highlight-default pxl-split-text split-in-fade\" data-wow-delay=\"ms\">\n\t\t\t\t\tDeclaration of Consent\t\n\t\t\t\n\t\t<\/h1>\n\t\t\n\t<\/div>\n<\/div>\t\t\t\t<\/div>\n\t\t\t\t<\/div>\n\t\t\t\t<div class=\"elementor-element elementor-element-26739f80 elementor-widget elementor-widget-spacer\" data-id=\"26739f80\" data-element_type=\"widget\" data-e-type=\"widget\" data-widget_type=\"spacer.default\">\n\t\t\t\t\t\t\t<div class=\"elementor-spacer\">\n\t\t\t<div class=\"elementor-spacer-inner\"><\/div>\n\t\t<\/div>\n\t\t\t\t\t\t<\/div>\n\t\t\t\t<div class=\"elementor-element elementor-element-385e6232 elementor-widget elementor-widget-spacer\" data-id=\"385e6232\" data-element_type=\"widget\" data-e-type=\"widget\" data-widget_type=\"spacer.default\">\n\t\t\t\t\t\t\t<div class=\"elementor-spacer\">\n\t\t\t<div class=\"elementor-spacer-inner\"><\/div>\n\t\t<\/div>\n\t\t\t\t\t\t<\/div>\n\t\t\t\t<div class=\"elementor-element elementor-element-7daa40fd elementor-widget__width-auto elementor-widget-tablet__width-inherit elementor-widget elementor-widget-pxl_text_editor\" data-id=\"7daa40fd\" data-element_type=\"widget\" data-e-type=\"widget\" data-widget_type=\"pxl_text_editor.default\">\n\t\t\t\t<div class=\"elementor-widget-container\">\n\t\t\t\t\t<div class=\"pxl-text-editor default\">\n\t<div class=\"pxl-item--inner  \" data-wow-delay=\"ms\">\n\t\t<p>Jeg giver hermed Anodyne Care ApS tilladelse til at indsamle, opbevare og behandle mine personoplysninger i overensstemmelse med GDPR (General Data Protection Regulation) og g\u00e6ldende dansk lovgivning. Dette inkluderer, men er ikke begr\u00e6nset til, helbredsoplysninger, kontaktoplysninger og andre relevante personlige oplysninger, som er n\u00f8dvendige for min behandling og pleje. Det inkluderer specifikt ogs\u00e5 video og audio optagelser af konsultationer og anonymiseret brug af data i forbindelse med AI-drevet analyse for at optimere min behandling.<\/p><h2>Form\u00e5l med behandlingen<\/h2><p>Mine personoplysninger vil blive behandlet til f\u00f8lgende form\u00e5l:<\/p><ol><li>At give mig medicinsk behandling og pleje.<\/li><li>At administrere og koordinere mine sundheds- og omsorgstjenester.<\/li><li>At kommunikere med andet sundhedspersonale og tjenesteudbydere, som er involveret i min behandling.<\/li><\/ol><h2>Videregivelse af information<\/h2><p>Jeg samtykker ogs\u00e5 til, at Anodyne Care kan dele mine personoplysninger med andet sundhedspersonale og tjenesteudbydere, som er involveret i min behandling, n\u00e5r det er n\u00f8dvendigt for at sikre, at jeg modtager den bedst mulige omsorg.<\/p><h2>Retten til at tr\u00e6kke samtykke tilbage<\/h2><p>Jeg forst\u00e5r, at jeg til enhver tid har ret til at tr\u00e6kke mit samtykke tilbage ved skriftlig henvendelse til Anodyne Care. Jeg er ogs\u00e5 klar over, at en tilbagetr\u00e6kning af mit samtykke ikke p\u00e5virker lovligheden af den behandling, der er foretaget, f\u00f8r samtykket blev trukket tilbage.<\/p><h2>Retten til indsigt, berigtigelse og sletning<\/h2><p>Jeg er informeret om, at jeg har ret til at anmode om indsigt i mine personoplysninger og om n\u00f8dvendigt f\u00e5 rettet eller slettet oplysninger, der er forkerte eller ufuldst\u00e6ndige. For at ud\u00f8ve disse rettigheder kan jeg kontakte Anodyne Care skriftligt.<\/p><h2>Kontaktinformation<\/h2><p>For sp\u00f8rgsm\u00e5l eller bekymringer vedr\u00f8rende behandlingen af mine personoplysninger kan jeg kontakte Anodyne Care p\u00e5:<\/p><p><strong>Anodyne Care ApS<\/strong> <br \/>Adresse: C\/O Sirius Advokater, Dampf\u00e6rgevej 10, 2, 2100 K\u00f8benhavn \u00d8, Danmark <br \/>E-mail: info@anodynecare.io<\/p>\t\t\n\t<\/div>\n<\/div>\t\t\t\t<\/div>\n\t\t\t\t<\/div>\n\t\t            <\/div>\r\n        <\/div>\r\n        \t\t\t<\/div>\n\t\t<\/section>\n\t\t            <\/div>\r\n        <\/div>\r\n        \t\t\t<\/div>\n\t\t<\/section>\n\t\t\t\t<\/div>\n\t\t","protected":false},"excerpt":{"rendered":"<p>Declaration of Consent Jeg giver hermed Anodyne Care ApS tilladelse til at indsamle, opbevare og behandle mine personoplysninger i overensstemmelse med GDPR (General Data Protection Regulation) og g\u00e6ldende dansk lovgivning. Dette inkluderer, men er ikke begr\u00e6nset til, helbredsoplysninger, kontaktoplysninger og andre relevante personlige oplysninger, som er n\u00f8dvendige for min behandling og pleje. Det inkluderer specifikt [&hellip;]<\/p>\n","protected":false},"author":1,"featured_media":0,"parent":0,"menu_order":0,"comment_status":"closed","ping_status":"closed","template":"","meta":{"footnotes":""},"class_list":["post-15117","page","type-page","status-publish","hentry"],"yoast_head":"<!-- This site is optimized with the Yoast SEO plugin v27.4 - https:\/\/yoast.com\/product\/yoast-seo-wordpress\/ -->\n<title>Samtykkeerkl\u00e6ring &#8226; Anodyne Care IO<\/title>\n<meta name=\"robots\" content=\"noindex, follow, max-snippet:-1, max-image-preview:large, max-video-preview:-1\" \/>\n<meta property=\"og:locale\" content=\"da_DK\" \/>\n<meta property=\"og:type\" content=\"article\" \/>\n<meta property=\"og:title\" content=\"Samtykkeerkl\u00e6ring &#8226; Anodyne Care IO\" \/>\n<meta property=\"og:description\" content=\"Declaration of Consent Jeg giver hermed Anodyne Care ApS tilladelse til at indsamle, opbevare og behandle mine personoplysninger i overensstemmelse med GDPR (General Data Protection Regulation) og g\u00e6ldende dansk lovgivning. Dette inkluderer, men er ikke begr\u00e6nset til, helbredsoplysninger, kontaktoplysninger og andre relevante personlige oplysninger, som er n\u00f8dvendige for min behandling og pleje. Det inkluderer specifikt [&hellip;]\" \/>\n<meta property=\"og:url\" content=\"https:\/\/anodynecare.io\/da\/samtykkeerklaering\/\" \/>\n<meta property=\"og:site_name\" content=\"Anodyne Care IO\" \/>\n<meta property=\"article:modified_time\" content=\"2026-04-13T10:03:37+00:00\" \/>\n<meta name=\"twitter:card\" content=\"summary_large_image\" \/>\n<script type=\"application\/ld+json\" class=\"yoast-schema-graph\">{\"@context\":\"https:\\\/\\\/schema.org\",\"@graph\":[{\"@type\":\"WebPage\",\"@id\":\"https:\\\/\\\/anodynecare.io\\\/da\\\/samtykkeerklaering\\\/\",\"url\":\"https:\\\/\\\/anodynecare.io\\\/da\\\/samtykkeerklaering\\\/\",\"name\":\"Samtykkeerkl\u00e6ring &#8226; Anodyne Care IO\",\"isPartOf\":{\"@id\":\"https:\\\/\\\/anodynecare.io\\\/da\\\/#website\"},\"datePublished\":\"2026-04-13T09:29:25+00:00\",\"dateModified\":\"2026-04-13T10:03:37+00:00\",\"breadcrumb\":{\"@id\":\"https:\\\/\\\/anodynecare.io\\\/da\\\/samtykkeerklaering\\\/#breadcrumb\"},\"inLanguage\":\"da-DK\",\"potentialAction\":[{\"@type\":\"ReadAction\",\"target\":[\"https:\\\/\\\/anodynecare.io\\\/da\\\/samtykkeerklaering\\\/\"]}]},{\"@type\":\"BreadcrumbList\",\"@id\":\"https:\\\/\\\/anodynecare.io\\\/da\\\/samtykkeerklaering\\\/#breadcrumb\",\"itemListElement\":[{\"@type\":\"ListItem\",\"position\":1,\"name\":\"Hjem\",\"item\":\"https:\\\/\\\/anodynecare.io\\\/da\\\/\"},{\"@type\":\"ListItem\",\"position\":2,\"name\":\"Samtykkeerkl\u00e6ring\"}]},{\"@type\":\"WebSite\",\"@id\":\"https:\\\/\\\/anodynecare.io\\\/da\\\/#website\",\"url\":\"https:\\\/\\\/anodynecare.io\\\/da\\\/\",\"name\":\"Anodyne Care IO\",\"description\":\"\",\"publisher\":{\"@id\":\"https:\\\/\\\/anodynecare.io\\\/da\\\/#organization\"},\"potentialAction\":[{\"@type\":\"SearchAction\",\"target\":{\"@type\":\"EntryPoint\",\"urlTemplate\":\"https:\\\/\\\/anodynecare.io\\\/da\\\/?s={search_term_string}\"},\"query-input\":{\"@type\":\"PropertyValueSpecification\",\"valueRequired\":true,\"valueName\":\"search_term_string\"}}],\"inLanguage\":\"da-DK\"},{\"@type\":\"Organization\",\"@id\":\"https:\\\/\\\/anodynecare.io\\\/da\\\/#organization\",\"name\":\"Anodyne Care\",\"url\":\"https:\\\/\\\/anodynecare.io\\\/da\\\/\",\"logo\":{\"@type\":\"ImageObject\",\"inLanguage\":\"da-DK\",\"@id\":\"https:\\\/\\\/anodynecare.io\\\/da\\\/#\\\/schema\\\/logo\\\/image\\\/\",\"url\":\"https:\\\/\\\/anodynecare.io\\\/wp-content\\\/uploads\\\/2026\\\/03\\\/AnodyneCare_logo.svg\",\"contentUrl\":\"https:\\\/\\\/anodynecare.io\\\/wp-content\\\/uploads\\\/2026\\\/03\\\/AnodyneCare_logo.svg\",\"width\":1,\"height\":1,\"caption\":\"Anodyne Care\"},\"image\":{\"@id\":\"https:\\\/\\\/anodynecare.io\\\/da\\\/#\\\/schema\\\/logo\\\/image\\\/\"}}]}<\/script>\n<!-- \/ Yoast SEO plugin. -->","yoast_head_json":{"title":"Samtykkeerkl\u00e6ring &#8226; Anodyne Care IO","robots":{"index":"noindex","follow":"follow","max-snippet":"max-snippet:-1","max-image-preview":"max-image-preview:large","max-video-preview":"max-video-preview:-1"},"og_locale":"da_DK","og_type":"article","og_title":"Samtykkeerkl\u00e6ring &#8226; Anodyne Care IO","og_description":"Declaration of Consent Jeg giver hermed Anodyne Care ApS tilladelse til at indsamle, opbevare og behandle mine personoplysninger i overensstemmelse med GDPR (General Data Protection Regulation) og g\u00e6ldende dansk lovgivning. Dette inkluderer, men er ikke begr\u00e6nset til, helbredsoplysninger, kontaktoplysninger og andre relevante personlige oplysninger, som er n\u00f8dvendige for min behandling og pleje. Det inkluderer specifikt [&hellip;]","og_url":"https:\/\/anodynecare.io\/da\/samtykkeerklaering\/","og_site_name":"Anodyne Care IO","article_modified_time":"2026-04-13T10:03:37+00:00","twitter_card":"summary_large_image","schema":{"@context":"https:\/\/schema.org","@graph":[{"@type":"WebPage","@id":"https:\/\/anodynecare.io\/da\/samtykkeerklaering\/","url":"https:\/\/anodynecare.io\/da\/samtykkeerklaering\/","name":"Samtykkeerkl\u00e6ring &#8226; Anodyne Care IO","isPartOf":{"@id":"https:\/\/anodynecare.io\/da\/#website"},"datePublished":"2026-04-13T09:29:25+00:00","dateModified":"2026-04-13T10:03:37+00:00","breadcrumb":{"@id":"https:\/\/anodynecare.io\/da\/samtykkeerklaering\/#breadcrumb"},"inLanguage":"da-DK","potentialAction":[{"@type":"ReadAction","target":["https:\/\/anodynecare.io\/da\/samtykkeerklaering\/"]}]},{"@type":"BreadcrumbList","@id":"https:\/\/anodynecare.io\/da\/samtykkeerklaering\/#breadcrumb","itemListElement":[{"@type":"ListItem","position":1,"name":"Hjem","item":"https:\/\/anodynecare.io\/da\/"},{"@type":"ListItem","position":2,"name":"Samtykkeerkl\u00e6ring"}]},{"@type":"WebSite","@id":"https:\/\/anodynecare.io\/da\/#website","url":"https:\/\/anodynecare.io\/da\/","name":"Anodyne Care IO","description":"","publisher":{"@id":"https:\/\/anodynecare.io\/da\/#organization"},"potentialAction":[{"@type":"SearchAction","target":{"@type":"EntryPoint","urlTemplate":"https:\/\/anodynecare.io\/da\/?s={search_term_string}"},"query-input":{"@type":"PropertyValueSpecification","valueRequired":true,"valueName":"search_term_string"}}],"inLanguage":"da-DK"},{"@type":"Organization","@id":"https:\/\/anodynecare.io\/da\/#organization","name":"Anodyne Care","url":"https:\/\/anodynecare.io\/da\/","logo":{"@type":"ImageObject","inLanguage":"da-DK","@id":"https:\/\/anodynecare.io\/da\/#\/schema\/logo\/image\/","url":"https:\/\/anodynecare.io\/wp-content\/uploads\/2026\/03\/AnodyneCare_logo.svg","contentUrl":"https:\/\/anodynecare.io\/wp-content\/uploads\/2026\/03\/AnodyneCare_logo.svg","width":1,"height":1,"caption":"Anodyne Care"},"image":{"@id":"https:\/\/anodynecare.io\/da\/#\/schema\/logo\/image\/"}}]}},"_links":{"self":[{"href":"https:\/\/anodynecare.io\/da\/wp-json\/wp\/v2\/pages\/15117","targetHints":{"allow":["GET"]}}],"collection":[{"href":"https:\/\/anodynecare.io\/da\/wp-json\/wp\/v2\/pages"}],"about":[{"href":"https:\/\/anodynecare.io\/da\/wp-json\/wp\/v2\/types\/page"}],"author":[{"embeddable":true,"href":"https:\/\/anodynecare.io\/da\/wp-json\/wp\/v2\/users\/1"}],"replies":[{"embeddable":true,"href":"https:\/\/anodynecare.io\/da\/wp-json\/wp\/v2\/comments?post=15117"}],"version-history":[{"count":4,"href":"https:\/\/anodynecare.io\/da\/wp-json\/wp\/v2\/pages\/15117\/revisions"}],"predecessor-version":[{"id":15125,"href":"https:\/\/anodynecare.io\/da\/wp-json\/wp\/v2\/pages\/15117\/revisions\/15125"}],"wp:attachment":[{"href":"https:\/\/anodynecare.io\/da\/wp-json\/wp\/v2\/media?parent=15117"}],"curies":[{"name":"wp","href":"https:\/\/api.w.org\/{rel}","templated":true}]}}