{"id":14632,"date":"2026-04-01T12:58:14","date_gmt":"2026-04-01T11:58:14","guid":{"rendered":"https:\/\/anodynecare.io\/vilkaar-og-betingelser\/"},"modified":"2026-04-09T14:30:19","modified_gmt":"2026-04-09T13:30:19","slug":"vilkaar-og-betingelser","status":"publish","type":"page","link":"https:\/\/anodynecare.io\/da\/vilkaar-og-betingelser\/","title":{"rendered":"Vilk\u00e5r og betingelser"},"content":{"rendered":"\t\t<div data-elementor-type=\"wp-page\" data-elementor-id=\"14632\" class=\"elementor elementor-14632 elementor-14280\">\n\t\t\t\t        <section class=\"elementor-section elementor-top-section elementor-element elementor-element-35b0a12a elementor-section-stretched animated-fast elementor-section-boxed elementor-section-height-default elementor-section-height-default pxl-row-scroll-none pxl-zoom-point-false pxl-section-overflow-visible elementor-invisible\" data-id=\"35b0a12a\" data-element_type=\"section\" data-e-type=\"section\" data-settings=\"{&quot;stretch_section&quot;:&quot;section-stretched&quot;,&quot;background_background&quot;:&quot;classic&quot;,&quot;animation&quot;:&quot;fadeIn&quot;}\">\n\n                \n                <div class=\"elementor-container elementor-column-gap-default \">\n                <div class=\"elementor-column elementor-col-100 elementor-top-column elementor-element elementor-element-531da58b pxl-column-none pxl-column-overflow-hidden-no\" data-id=\"531da58b\" data-element_type=\"column\" data-e-type=\"column\">\r\n        <div class=\"elementor-widget-wrap elementor-element-populated\">\r\n                     \r\n                <section class=\"elementor-section elementor-inner-section elementor-element elementor-element-196cc074 elementor-section-boxed elementor-section-height-default elementor-section-height-default pxl-row-scroll-none pxl-zoom-point-false pxl-section-overflow-visible\" data-id=\"196cc074\" data-element_type=\"section\" data-e-type=\"section\">\n\n                \n                <div class=\"elementor-container elementor-column-gap-extended \">\n                <div class=\"elementor-column elementor-col-100 elementor-inner-column elementor-element elementor-element-27eef0c pxl-column-none pxl-column-overflow-hidden-no\" data-id=\"27eef0c\" data-element_type=\"column\" data-e-type=\"column\">\r\n        <div class=\"elementor-widget-wrap elementor-element-populated\">\r\n                     \r\n        \t\t<div class=\"elementor-element elementor-element-18425938 elementor-widget elementor-widget-text-editor\" data-id=\"18425938\" data-element_type=\"widget\" data-e-type=\"widget\" data-widget_type=\"text-editor.default\">\n\t\t\t\t\t\t\t\t\t<p><em><strong>Sidst opdateret: 17-07-2025<\/strong><\/em><\/p>\t\t\t\t\t\t\t\t<\/div>\n\t\t\t\t<div class=\"elementor-element elementor-element-ae9def2 ft-gt elementor-widget elementor-widget-pxl_heading\" data-id=\"ae9def2\" data-element_type=\"widget\" data-e-type=\"widget\" data-widget_type=\"pxl_heading.default\">\n\t\t\t\t<div class=\"elementor-widget-container\">\n\t\t\t\t\t\n<div id=\"pxl-pxl_heading-ae9def2-6997\" class=\"pxl-heading px-sub-title-default-style \">\n\t<div class=\"pxl-heading--inner\">\n\t\t\n\t\t<h1 class=\"pxl-item--title style-default  highlight-default pxl-split-text split-in-fade\" data-wow-delay=\"ms\">\n\t\t\t\t\tVilk\u00e5r og betingelser\t\n\t\t\t\n\t\t<\/h1>\n\t\t\n\t<\/div>\n<\/div>\t\t\t\t<\/div>\n\t\t\t\t<\/div>\n\t\t\t\t<div class=\"elementor-element elementor-element-706f69a5 elementor-widget elementor-widget-spacer\" data-id=\"706f69a5\" data-element_type=\"widget\" data-e-type=\"widget\" data-widget_type=\"spacer.default\">\n\t\t\t\t\t\t\t<div class=\"elementor-spacer\">\n\t\t\t<div class=\"elementor-spacer-inner\"><\/div>\n\t\t<\/div>\n\t\t\t\t\t\t<\/div>\n\t\t\t\t<div class=\"elementor-element elementor-element-2d0692ba elementor-widget__width-auto elementor-widget-tablet__width-inherit elementor-widget elementor-widget-pxl_text_editor\" data-id=\"2d0692ba\" data-element_type=\"widget\" data-e-type=\"widget\" data-widget_type=\"pxl_text_editor.default\">\n\t\t\t\t<div class=\"elementor-widget-container\">\n\t\t\t\t\t<div class=\"pxl-text-editor default\">\n\t<div class=\"pxl-item--inner  \" data-wow-delay=\"ms\">\n\t\t<p>Disse Vilk\u00e5r og Betingelser (&#8220;Vilk\u00e5r&#8221;) regulerer brugen af de tjenester, der leveres af Anodyne Care ApS (CVR: 44974037), et selskab registreret i Danmark med sin juridiske adresse p\u00e5 C\/O SIRIUS advokater, Dampf\u00e6rgevej 10, 2., 2100 K\u00f8benhavn \u00d8, Danmark (&#8220;Anodyne Care&#8221;, &#8220;vi&#8221;, &#8220;vores&#8221;).<\/p>\n<p>Ved at booke eller modtage behandling hos Anodyne Care accepterer du disse Vilk\u00e5r og Betingelser.<\/p>\n<h2>1. Vore tjenester<\/h2>\n<p>Anodyne Care tilbyder personlig pleje og behandlingsplaner for patienter, der oplever kroniske smerter, kr\u00e6ftrelateret ubehag og kvalme. Tjenesterne kan inkludere farmaceutiske konsultationer (inklusive medicinsk cannabis), fysioterapi, kognitiv adf\u00e6rdsterapi (CBT) og medicinsk vejledning af autoriserede l\u00e6ger. Behandlinger er tilg\u00e6ngelige b\u00e5de in-person og online afh\u00e6ngigt af patientens beliggenhed og kliniske egnethed.  <\/p>\n<h2>2. Tilg\u00e6ngelighed af tjenester<\/h2>\n<p>Vore tjenester er i \u00f8jeblikket tilg\u00e6ngelige for beboere og berettigede patienter i Danmark, Sverige og Norge. Alle medicinske konsultationer udbydes af autoriserede l\u00e6ger i overensstemmelse med lokale medicinske lovgivninger. <\/p>\n<h2>3. Aftaler, aflysninger og refusioner<\/h2>\n<ul>\n<li>Tjenester bookes p\u00e5 en per-konsultation basis.<\/li>\n<li>Priserne kan \u00e6ndres uden forudg\u00e5ende varsel.<\/li>\n<li>Aflysninger, der foretages mindst 7 dage f\u00f8r den planlagte aftale, er berettigede til fuld refusion.<\/li>\n<li>Aflysninger inden for 7 dage f\u00f8r aftalen kan muligvis ikke v\u00e6re berettigede til refusion medmindre andet er aftalt.<\/li>\n<\/ul>\n<h2>4. Medicinsk ansvarsfraskrivelse<\/h2>\n<p>Alle medicinske konsultationer udf\u00f8res af autoriserede sundhedspersonale. Imidlertid er de oplysninger og den vejledning, der gives gennem vores tjenester, ikke en erstatning for akut pleje eller specialiseret medicinsk behandling. Patienter b\u00f8r altid s\u00f8ge \u00f8jeblikkelig hj\u00e6lp i akutte medicinske situationer.  <\/p>\n<h2>5. Ansvarsbegr\u00e6nsning<\/h2>\n<p>Selvom vi sigter mod at give den h\u00f8jeste standard for pleje, skal Anodyne Care ApS ikke holdes ansvarlig for nogen direkte, indirekte, tilf\u00e6ldige eller f\u00f8lgerisiko skader, der opst\u00e5r fra brugen af vores tjenester, undtagen i tilf\u00e6lde af grov fors\u00f8mmelse eller fors\u00e6tlig forseelse i henhold til g\u00e6ldende lov.<\/p>\n<h2>6. G\u00e6ldende lov og jurisdiktion<\/h2>\n<p>Disse Vilk\u00e5r er reguleret af og fortolket i overensstemmelse med lovgivningen i Danmark. Enhver tvist skal v\u00e6re underlagt de eksklusive domstoles jurisdiktion i K\u00f8benhavn, Danmark. <\/p>\n<h2>7. \u00c6ndringer<\/h2>\n<p>Vi forbeholder os retten til at opdatere eller \u00e6ndre disse Vilk\u00e5r til enhver tid. Opdateringer vil blive offentliggjort p\u00e5 vores hjemmeside med en revideret ikrafttr\u00e6delsesdato. Fortsat brug af vores tjenester efter s\u00e5danne \u00e6ndringer udg\u00f8r accept af de nye Vilk\u00e5r.  <\/p>\n<p>For sp\u00f8rgsm\u00e5l eller bekymringer omkring disse Vilk\u00e5r, bedes du kontakte os p\u00e5 info@anodynecare.io.<\/p>\n\t\t\n\t<\/div>\n<\/div>\t\t\t\t<\/div>\n\t\t\t\t<\/div>\n\t\t\t\t<div class=\"elementor-element elementor-element-79fc860c elementor-widget elementor-widget-spacer\" data-id=\"79fc860c\" data-element_type=\"widget\" data-e-type=\"widget\" data-widget_type=\"spacer.default\">\n\t\t\t\t\t\t\t<div class=\"elementor-spacer\">\n\t\t\t<div class=\"elementor-spacer-inner\"><\/div>\n\t\t<\/div>\n\t\t\t\t\t\t<\/div>\n\t\t            <\/div>\r\n        <\/div>\r\n        \t\t\t<\/div>\n\t\t<\/section>\n\t\t            <\/div>\r\n        <\/div>\r\n        \t\t\t<\/div>\n\t\t<\/section>\n\t\t\t\t<\/div>\n\t\t","protected":false},"excerpt":{"rendered":"<p>Sidst opdateret: 17-07-2025 Vilk\u00e5r og betingelser Disse Vilk\u00e5r og Betingelser (&#8220;Vilk\u00e5r&#8221;) regulerer brugen af de tjenester, der leveres af Anodyne Care ApS (CVR: 44974037), et selskab registreret i Danmark med sin juridiske adresse p\u00e5 C\/O SIRIUS advokater, Dampf\u00e6rgevej 10, 2., 2100 K\u00f8benhavn \u00d8, Danmark (&#8220;Anodyne Care&#8221;, &#8220;vi&#8221;, &#8220;vores&#8221;). Ved at booke eller modtage behandling hos [&hellip;]<\/p>\n","protected":false},"author":1,"featured_media":0,"parent":0,"menu_order":0,"comment_status":"closed","ping_status":"closed","template":"","meta":{"footnotes":""},"class_list":["post-14632","page","type-page","status-publish","hentry"],"yoast_head":"<!-- This site is optimized with the Yoast SEO plugin v27.4 - https:\/\/yoast.com\/product\/yoast-seo-wordpress\/ -->\n<title>Vilk\u00e5r og betingelser &#8226; Anodyne Care IO<\/title>\n<meta name=\"robots\" content=\"noindex, follow, max-snippet:-1, max-image-preview:large, max-video-preview:-1\" \/>\n<meta property=\"og:locale\" content=\"da_DK\" \/>\n<meta property=\"og:type\" content=\"article\" \/>\n<meta property=\"og:title\" content=\"Vilk\u00e5r og betingelser &#8226; Anodyne Care IO\" \/>\n<meta property=\"og:description\" content=\"Sidst opdateret: 17-07-2025 Vilk\u00e5r og betingelser Disse Vilk\u00e5r og Betingelser (&#8220;Vilk\u00e5r&#8221;) regulerer brugen af de tjenester, der leveres af Anodyne Care ApS (CVR: 44974037), et selskab registreret i Danmark med sin juridiske adresse p\u00e5 C\/O SIRIUS advokater, Dampf\u00e6rgevej 10, 2., 2100 K\u00f8benhavn \u00d8, Danmark (&#8220;Anodyne Care&#8221;, &#8220;vi&#8221;, &#8220;vores&#8221;). Ved at booke eller modtage behandling hos [&hellip;]\" \/>\n<meta property=\"og:url\" content=\"https:\/\/anodynecare.io\/da\/vilkaar-og-betingelser\/\" \/>\n<meta property=\"og:site_name\" content=\"Anodyne Care IO\" \/>\n<meta property=\"article:modified_time\" content=\"2026-04-09T13:30:19+00:00\" \/>\n<meta name=\"twitter:card\" content=\"summary_large_image\" \/>\n<script type=\"application\/ld+json\" class=\"yoast-schema-graph\">{\"@context\":\"https:\\\/\\\/schema.org\",\"@graph\":[{\"@type\":\"WebPage\",\"@id\":\"https:\\\/\\\/anodynecare.io\\\/da\\\/vilkaar-og-betingelser\\\/\",\"url\":\"https:\\\/\\\/anodynecare.io\\\/da\\\/vilkaar-og-betingelser\\\/\",\"name\":\"Vilk\u00e5r og betingelser &#8226; Anodyne Care IO\",\"isPartOf\":{\"@id\":\"https:\\\/\\\/anodynecare.io\\\/da\\\/#website\"},\"datePublished\":\"2026-04-01T11:58:14+00:00\",\"dateModified\":\"2026-04-09T13:30:19+00:00\",\"breadcrumb\":{\"@id\":\"https:\\\/\\\/anodynecare.io\\\/da\\\/vilkaar-og-betingelser\\\/#breadcrumb\"},\"inLanguage\":\"da-DK\",\"potentialAction\":[{\"@type\":\"ReadAction\",\"target\":[\"https:\\\/\\\/anodynecare.io\\\/da\\\/vilkaar-og-betingelser\\\/\"]}]},{\"@type\":\"BreadcrumbList\",\"@id\":\"https:\\\/\\\/anodynecare.io\\\/da\\\/vilkaar-og-betingelser\\\/#breadcrumb\",\"itemListElement\":[{\"@type\":\"ListItem\",\"position\":1,\"name\":\"Hjem\",\"item\":\"https:\\\/\\\/anodynecare.io\\\/da\\\/\"},{\"@type\":\"ListItem\",\"position\":2,\"name\":\"Vilk\u00e5r og betingelser\"}]},{\"@type\":\"WebSite\",\"@id\":\"https:\\\/\\\/anodynecare.io\\\/da\\\/#website\",\"url\":\"https:\\\/\\\/anodynecare.io\\\/da\\\/\",\"name\":\"Anodyne Care IO\",\"description\":\"\",\"publisher\":{\"@id\":\"https:\\\/\\\/anodynecare.io\\\/da\\\/#organization\"},\"potentialAction\":[{\"@type\":\"SearchAction\",\"target\":{\"@type\":\"EntryPoint\",\"urlTemplate\":\"https:\\\/\\\/anodynecare.io\\\/da\\\/?s={search_term_string}\"},\"query-input\":{\"@type\":\"PropertyValueSpecification\",\"valueRequired\":true,\"valueName\":\"search_term_string\"}}],\"inLanguage\":\"da-DK\"},{\"@type\":\"Organization\",\"@id\":\"https:\\\/\\\/anodynecare.io\\\/da\\\/#organization\",\"name\":\"Anodyne Care\",\"url\":\"https:\\\/\\\/anodynecare.io\\\/da\\\/\",\"logo\":{\"@type\":\"ImageObject\",\"inLanguage\":\"da-DK\",\"@id\":\"https:\\\/\\\/anodynecare.io\\\/da\\\/#\\\/schema\\\/logo\\\/image\\\/\",\"url\":\"https:\\\/\\\/anodynecare.io\\\/wp-content\\\/uploads\\\/2026\\\/03\\\/AnodyneCare_logo.svg\",\"contentUrl\":\"https:\\\/\\\/anodynecare.io\\\/wp-content\\\/uploads\\\/2026\\\/03\\\/AnodyneCare_logo.svg\",\"width\":1,\"height\":1,\"caption\":\"Anodyne Care\"},\"image\":{\"@id\":\"https:\\\/\\\/anodynecare.io\\\/da\\\/#\\\/schema\\\/logo\\\/image\\\/\"}}]}<\/script>\n<!-- \/ Yoast SEO plugin. -->","yoast_head_json":{"title":"Vilk\u00e5r og betingelser &#8226; Anodyne Care IO","robots":{"index":"noindex","follow":"follow","max-snippet":"max-snippet:-1","max-image-preview":"max-image-preview:large","max-video-preview":"max-video-preview:-1"},"og_locale":"da_DK","og_type":"article","og_title":"Vilk\u00e5r og betingelser &#8226; Anodyne Care IO","og_description":"Sidst opdateret: 17-07-2025 Vilk\u00e5r og betingelser Disse Vilk\u00e5r og Betingelser (&#8220;Vilk\u00e5r&#8221;) regulerer brugen af de tjenester, der leveres af Anodyne Care ApS (CVR: 44974037), et selskab registreret i Danmark med sin juridiske adresse p\u00e5 C\/O SIRIUS advokater, Dampf\u00e6rgevej 10, 2., 2100 K\u00f8benhavn \u00d8, Danmark (&#8220;Anodyne Care&#8221;, &#8220;vi&#8221;, &#8220;vores&#8221;). Ved at booke eller modtage behandling hos [&hellip;]","og_url":"https:\/\/anodynecare.io\/da\/vilkaar-og-betingelser\/","og_site_name":"Anodyne Care IO","article_modified_time":"2026-04-09T13:30:19+00:00","twitter_card":"summary_large_image","schema":{"@context":"https:\/\/schema.org","@graph":[{"@type":"WebPage","@id":"https:\/\/anodynecare.io\/da\/vilkaar-og-betingelser\/","url":"https:\/\/anodynecare.io\/da\/vilkaar-og-betingelser\/","name":"Vilk\u00e5r og betingelser &#8226; Anodyne Care IO","isPartOf":{"@id":"https:\/\/anodynecare.io\/da\/#website"},"datePublished":"2026-04-01T11:58:14+00:00","dateModified":"2026-04-09T13:30:19+00:00","breadcrumb":{"@id":"https:\/\/anodynecare.io\/da\/vilkaar-og-betingelser\/#breadcrumb"},"inLanguage":"da-DK","potentialAction":[{"@type":"ReadAction","target":["https:\/\/anodynecare.io\/da\/vilkaar-og-betingelser\/"]}]},{"@type":"BreadcrumbList","@id":"https:\/\/anodynecare.io\/da\/vilkaar-og-betingelser\/#breadcrumb","itemListElement":[{"@type":"ListItem","position":1,"name":"Hjem","item":"https:\/\/anodynecare.io\/da\/"},{"@type":"ListItem","position":2,"name":"Vilk\u00e5r og betingelser"}]},{"@type":"WebSite","@id":"https:\/\/anodynecare.io\/da\/#website","url":"https:\/\/anodynecare.io\/da\/","name":"Anodyne Care IO","description":"","publisher":{"@id":"https:\/\/anodynecare.io\/da\/#organization"},"potentialAction":[{"@type":"SearchAction","target":{"@type":"EntryPoint","urlTemplate":"https:\/\/anodynecare.io\/da\/?s={search_term_string}"},"query-input":{"@type":"PropertyValueSpecification","valueRequired":true,"valueName":"search_term_string"}}],"inLanguage":"da-DK"},{"@type":"Organization","@id":"https:\/\/anodynecare.io\/da\/#organization","name":"Anodyne Care","url":"https:\/\/anodynecare.io\/da\/","logo":{"@type":"ImageObject","inLanguage":"da-DK","@id":"https:\/\/anodynecare.io\/da\/#\/schema\/logo\/image\/","url":"https:\/\/anodynecare.io\/wp-content\/uploads\/2026\/03\/AnodyneCare_logo.svg","contentUrl":"https:\/\/anodynecare.io\/wp-content\/uploads\/2026\/03\/AnodyneCare_logo.svg","width":1,"height":1,"caption":"Anodyne Care"},"image":{"@id":"https:\/\/anodynecare.io\/da\/#\/schema\/logo\/image\/"}}]}},"_links":{"self":[{"href":"https:\/\/anodynecare.io\/da\/wp-json\/wp\/v2\/pages\/14632","targetHints":{"allow":["GET"]}}],"collection":[{"href":"https:\/\/anodynecare.io\/da\/wp-json\/wp\/v2\/pages"}],"about":[{"href":"https:\/\/anodynecare.io\/da\/wp-json\/wp\/v2\/types\/page"}],"author":[{"embeddable":true,"href":"https:\/\/anodynecare.io\/da\/wp-json\/wp\/v2\/users\/1"}],"replies":[{"embeddable":true,"href":"https:\/\/anodynecare.io\/da\/wp-json\/wp\/v2\/comments?post=14632"}],"version-history":[{"count":1,"href":"https:\/\/anodynecare.io\/da\/wp-json\/wp\/v2\/pages\/14632\/revisions"}],"predecessor-version":[{"id":14633,"href":"https:\/\/anodynecare.io\/da\/wp-json\/wp\/v2\/pages\/14632\/revisions\/14633"}],"wp:attachment":[{"href":"https:\/\/anodynecare.io\/da\/wp-json\/wp\/v2\/media?parent=14632"}],"curies":[{"name":"wp","href":"https:\/\/api.w.org\/{rel}","templated":true}]}}